{"id":966,"date":"2023-07-20T14:02:17","date_gmt":"2023-07-20T12:02:17","guid":{"rendered":"https:\/\/www.opi-plastics.nl\/de\/?page_id=966"},"modified":"2024-02-06T12:04:36","modified_gmt":"2024-02-06T11:04:36","slug":"versiegeln","status":"publish","type":"page","link":"https:\/\/www.opi-plastics.nl\/de\/versiegeln\/","title":{"rendered":"Versiegeln"},"content":{"rendered":"<p class=\"hh-block block-paragraph block-paragraph--id-69f7552b2f099\"data-mb=\"small\">Dank der gro\u00dfen Vielfalt unserer Maschinen k\u00f6nnen wir bedruckte oder unbedruckte Folien zu verschiedenen Arten von Beuteln und Zuschnitten verarbeiten. Mit unseren Produkten garantieren wir eine hohe Geschwindigkeit in Ihrer Verpackungsstra\u00dfe.<\/p>\n\n<p class=\"hh-block block-paragraph block-paragraph--id-69f7552b2f1a8\"data-mb=\"smaller\">Diese Optionen bietet unsere Versiegelungsabteilung:<\/p>\n\n<ul class=\"hh-block block-list block-list--type-unordered\"data-mb=\"small\">\n<li class=\"block-list__item\">\n            \nlose Beutel\/Zuschnitte\n    <\/li>\n\n\n<li class=\"block-list__item\">\n            \nHauben\/Zuschnitte auf Kern\n    <\/li>\n\n\n<li class=\"block-list__item\">\n            \nverblockt\n    <\/li>\n\n\n<li class=\"block-list__item\">\n            \nEckenversiegelung\n    <\/li>\n\n\n<li class=\"block-list__item\">\n            \nBeutel auf Halter\n    <\/li>\n\n<\/ul>","protected":false},"excerpt":{"rendered":"","protected":false},"author":2,"featured_media":0,"parent":0,"menu_order":14,"comment_status":"closed","ping_status":"closed","template":"","meta":{"_acf_changed":false,"footnotes":""},"class_list":["post-966","page","type-page","status-publish","hentry"],"acf":[],"yoast_head":"<title>Versiegeln - OPI Plastics<\/title>\n<meta name=\"description\" content=\"Zur Produktion von OPI geh\u00f6rt auch die Versiegelungsabteilung. Erfahren Sie hier alles \u00fcber die Versiegelungsabteilung und lesen Sie mehr dar\u00fcber.\" \/>\n<meta name=\"robots\" content=\"index, follow, max-snippet:-1, max-image-preview:large, max-video-preview:-1\" \/>\n<link rel=\"canonical\" href=\"https:\/\/www.opi-plastics.nl\/de\/versiegeln\/\" \/>\n<meta property=\"og:locale\" content=\"de_DE\" \/>\n<meta property=\"og:type\" content=\"article\" \/>\n<meta property=\"og:title\" content=\"Versiegeln - OPI Plastics\" \/>\n<meta property=\"og:description\" content=\"Zur Produktion von OPI geh\u00f6rt auch die Versiegelungsabteilung. Erfahren Sie hier alles \u00fcber die Versiegelungsabteilung und lesen Sie mehr dar\u00fcber.\" \/>\n<meta property=\"og:url\" content=\"https:\/\/www.opi-plastics.nl\/de\/versiegeln\/\" \/>\n<meta property=\"og:site_name\" content=\"OPI Plastics\" \/>\n<meta property=\"article:modified_time\" content=\"2024-02-06T11:04:36+00:00\" \/>\n<meta name=\"twitter:card\" content=\"summary_large_image\" \/>\n<meta name=\"twitter:label1\" content=\"Gesch\u00e4tzte Lesezeit\" \/>\n\t<meta name=\"twitter:data1\" content=\"1\u00a0Minute\" \/>\n<script type=\"application\/ld+json\" class=\"yoast-schema-graph\">{\"@context\":\"https:\/\/schema.org\",\"@graph\":[{\"@type\":\"WebPage\",\"@id\":\"https:\/\/www.opi-plastics.nl\/de\/versiegeln\/\",\"url\":\"https:\/\/www.opi-plastics.nl\/de\/versiegeln\/\",\"name\":\"Versiegeln - OPI Plastics\",\"isPartOf\":{\"@id\":\"https:\/\/www.opi-plastics.nl\/de\/#website\"},\"datePublished\":\"2023-07-20T12:02:17+00:00\",\"dateModified\":\"2024-02-06T11:04:36+00:00\",\"description\":\"Zur Produktion von OPI geh\u00f6rt auch die Versiegelungsabteilung. Erfahren Sie hier alles \u00fcber die Versiegelungsabteilung und lesen Sie mehr dar\u00fcber.\",\"breadcrumb\":{\"@id\":\"https:\/\/www.opi-plastics.nl\/de\/versiegeln\/#breadcrumb\"},\"inLanguage\":\"de\",\"potentialAction\":[{\"@type\":\"ReadAction\",\"target\":[\"https:\/\/www.opi-plastics.nl\/de\/versiegeln\/\"]}]},{\"@type\":\"BreadcrumbList\",\"@id\":\"https:\/\/www.opi-plastics.nl\/de\/versiegeln\/#breadcrumb\",\"itemListElement\":[{\"@type\":\"ListItem\",\"position\":1,\"name\":\"Home\",\"item\":\"https:\/\/www.opi-plastics.nl\/de\/\"},{\"@type\":\"ListItem\",\"position\":2,\"name\":\"Versiegeln\"}]},{\"@type\":\"WebSite\",\"@id\":\"https:\/\/www.opi-plastics.nl\/de\/#website\",\"url\":\"https:\/\/www.opi-plastics.nl\/de\/\",\"name\":\"OPI Plastics\",\"description\":\"The sustainable innovator\",\"potentialAction\":[{\"@type\":\"SearchAction\",\"target\":{\"@type\":\"EntryPoint\",\"urlTemplate\":\"https:\/\/www.opi-plastics.nl\/de\/?suchanfrage={search_term_string}\"},\"query-input\":{\"@type\":\"PropertyValueSpecification\",\"valueRequired\":true,\"valueName\":\"search_term_string\"}}],\"inLanguage\":\"de\"}]}<\/script>","yoast_head_json":{"title":"Versiegeln - OPI Plastics","description":"Zur Produktion von OPI geh\u00f6rt auch die Versiegelungsabteilung. Erfahren Sie hier alles \u00fcber die Versiegelungsabteilung und lesen Sie mehr dar\u00fcber.","robots":{"index":"index","follow":"follow","max-snippet":"max-snippet:-1","max-image-preview":"max-image-preview:large","max-video-preview":"max-video-preview:-1"},"canonical":"https:\/\/www.opi-plastics.nl\/de\/versiegeln\/","og_locale":"de_DE","og_type":"article","og_title":"Versiegeln - OPI Plastics","og_description":"Zur Produktion von OPI geh\u00f6rt auch die Versiegelungsabteilung. Erfahren Sie hier alles \u00fcber die Versiegelungsabteilung und lesen Sie mehr dar\u00fcber.","og_url":"https:\/\/www.opi-plastics.nl\/de\/versiegeln\/","og_site_name":"OPI Plastics","article_modified_time":"2024-02-06T11:04:36+00:00","twitter_card":"summary_large_image","twitter_misc":{"Gesch\u00e4tzte Lesezeit":"1\u00a0Minute"},"schema":{"@context":"https:\/\/schema.org","@graph":[{"@type":"WebPage","@id":"https:\/\/www.opi-plastics.nl\/de\/versiegeln\/","url":"https:\/\/www.opi-plastics.nl\/de\/versiegeln\/","name":"Versiegeln - OPI Plastics","isPartOf":{"@id":"https:\/\/www.opi-plastics.nl\/de\/#website"},"datePublished":"2023-07-20T12:02:17+00:00","dateModified":"2024-02-06T11:04:36+00:00","description":"Zur Produktion von OPI geh\u00f6rt auch die Versiegelungsabteilung. Erfahren Sie hier alles \u00fcber die Versiegelungsabteilung und lesen Sie mehr dar\u00fcber.","breadcrumb":{"@id":"https:\/\/www.opi-plastics.nl\/de\/versiegeln\/#breadcrumb"},"inLanguage":"de","potentialAction":[{"@type":"ReadAction","target":["https:\/\/www.opi-plastics.nl\/de\/versiegeln\/"]}]},{"@type":"BreadcrumbList","@id":"https:\/\/www.opi-plastics.nl\/de\/versiegeln\/#breadcrumb","itemListElement":[{"@type":"ListItem","position":1,"name":"Home","item":"https:\/\/www.opi-plastics.nl\/de\/"},{"@type":"ListItem","position":2,"name":"Versiegeln"}]},{"@type":"WebSite","@id":"https:\/\/www.opi-plastics.nl\/de\/#website","url":"https:\/\/www.opi-plastics.nl\/de\/","name":"OPI Plastics","description":"The sustainable innovator","potentialAction":[{"@type":"SearchAction","target":{"@type":"EntryPoint","urlTemplate":"https:\/\/www.opi-plastics.nl\/de\/?suchanfrage={search_term_string}"},"query-input":{"@type":"PropertyValueSpecification","valueRequired":true,"valueName":"search_term_string"}}],"inLanguage":"de"}]}},"_links":{"self":[{"href":"https:\/\/www.opi-plastics.nl\/de\/wp-json\/wp\/v2\/pages\/966","targetHints":{"allow":["GET"]}}],"collection":[{"href":"https:\/\/www.opi-plastics.nl\/de\/wp-json\/wp\/v2\/pages"}],"about":[{"href":"https:\/\/www.opi-plastics.nl\/de\/wp-json\/wp\/v2\/types\/page"}],"author":[{"embeddable":true,"href":"https:\/\/www.opi-plastics.nl\/de\/wp-json\/wp\/v2\/users\/2"}],"replies":[{"embeddable":true,"href":"https:\/\/www.opi-plastics.nl\/de\/wp-json\/wp\/v2\/comments?post=966"}],"version-history":[{"count":7,"href":"https:\/\/www.opi-plastics.nl\/de\/wp-json\/wp\/v2\/pages\/966\/revisions"}],"predecessor-version":[{"id":1549,"href":"https:\/\/www.opi-plastics.nl\/de\/wp-json\/wp\/v2\/pages\/966\/revisions\/1549"}],"wp:attachment":[{"href":"https:\/\/www.opi-plastics.nl\/de\/wp-json\/wp\/v2\/media?parent=966"}],"curies":[{"name":"wp","href":"https:\/\/api.w.org\/{rel}","templated":true}]}}