{"id":958,"date":"2023-07-20T13:59:59","date_gmt":"2023-07-20T11:59:59","guid":{"rendered":"https:\/\/www.opi-plastics.nl\/de\/?page_id=958"},"modified":"2024-03-11T09:41:34","modified_gmt":"2024-03-11T08:41:34","slug":"vision-und-auftrag","status":"publish","type":"page","link":"https:\/\/www.opi-plastics.nl\/de\/vision-und-auftrag\/","title":{"rendered":"Vision und Auftrag"},"content":{"rendered":"<h6 class=\"hh-block block-heading block-heading--id-69f17e9a3234a h6\"id=\"hh-heading-5140310f-0f98-473d-b2ff-faaadc36bf5b\"\">Gesch\u00e4ftsdefinition<\/h6>\n\n<p class=\"hh-block block-paragraph block-paragraph--id-69f17e9a3247f\"data-mb=\"small\">Die OPACKGROUP, zu der OPI geh\u00f6rt, produziert und liefert ein komplettes Sortiment an spezialisierten flexiblen Kunststoff- und Papierverpackungen und Folien. Zu den globalen M\u00e4rkten geh\u00f6ren Business-to-Business-M\u00e4rkte f\u00fcr Lebensmittel, Non-Food, Landwirtschaft und Gartenbau. Das sind unsere Technologien: Blasextrusion, Flexodruck, Laminierung und Konfektion.<\/p>\n\n<h6 class=\"hh-block block-heading block-heading--id-69f17e9a32501 h6\"id=\"hh-heading-8040b631-13ce-4631-860d-f58b5255e419\"\"><strong>Unternehmensleitbild<\/strong><\/h6>\n\n<p class=\"hh-block block-paragraph block-paragraph--id-69f17e9a32591\"data-mb=\"small\">OPI, \u201eThe sustainable innovator\u201d, hat sich zum Ziel gesetzt, seine Stakeholder nachhaltig, innovativ und erfolgreich zu machen.<\/p>\n\n<h6 class=\"hh-block block-heading block-heading--id-69f17e9a3262a h6\"id=\"hh-heading-4bb3c08e-bf0c-4204-81bf-27865e871b68\"\">Die OPACKGROUP<\/h6>\n\n<p class=\"hh-block block-paragraph block-paragraph--id-69f17e9a326e0\"data-mb=\"small\">Die OPACKGROUP ist ein zuverl\u00e4ssiger Produzent und Partner f\u00fcr hochwertige Spezialverpackungen aus Kunststoff und Papier sowie Folien, der seine Produkte auf der Basis von Kontinuit\u00e4t und langfristigen Partnerschaften anbietet, um seine Stakeholder nachhaltig, innovativ und erfolgreich zu machen. Die 7 Produzenten der OPACKGROUP entwickeln gemeinsam mit allen beteiligten Partnern in einer einzigartigen Kette verschiedene hochwertige Verpackungsl\u00f6sungen.<\/p>\n\n<p class=\"hh-block block-paragraph block-paragraph--id-69f17e9a32757\"data-mb=\"small\">Corporate Social Responsibility<a href=\"https:\/\/www.opi-plastics.nl\/de\/corporate-social-responsibility\/\"> <\/a>ist f\u00fcr die OPACKGROUP bereits seit Jahrzehnten das Leitmotiv ihres unternehmerischen Handelns. Mehr als jeder andere sind wir uns unserer sozialen Verantwortung als Unternehmen und Wissenspartner bewusst. Nachhaltiges Produzieren hat daher oberste Priorit\u00e4t.<\/p>\n\n<p class=\"hh-block block-paragraph block-paragraph--id-69f17e9a32841\"data-mb=\"small\">Unsere Nachhaltigkeitsvision und unsere Innovationen definieren unsere Identit\u00e4t, die wir mit Stolz in unserem Slogan zum Ausdruck bringen: \u201eThe sustainable innovator\u201d.<\/p>","protected":false},"excerpt":{"rendered":"","protected":false},"author":2,"featured_media":0,"parent":0,"menu_order":22,"comment_status":"closed","ping_status":"closed","template":"","meta":{"_acf_changed":false,"footnotes":""},"class_list":["post-958","page","type-page","status-publish","hentry"],"acf":[],"yoast_head":"<title>Vision und Auftrag - OPI Plastics<\/title>\n<meta name=\"description\" content=\"Entdecken Sie hier die Standards und Werte von OPI. Lesen Sie mehr \u00fcber die Vision und Mission der OPACKGROUP und lernen Sie das Unternehmen kennen.\" \/>\n<meta name=\"robots\" content=\"index, follow, max-snippet:-1, max-image-preview:large, max-video-preview:-1\" \/>\n<link rel=\"canonical\" href=\"https:\/\/www.opi-plastics.nl\/de\/vision-und-auftrag\/\" \/>\n<meta property=\"og:locale\" content=\"de_DE\" \/>\n<meta property=\"og:type\" content=\"article\" \/>\n<meta property=\"og:title\" content=\"Vision und Auftrag - OPI Plastics\" \/>\n<meta property=\"og:description\" content=\"Entdecken Sie hier die Standards und Werte von OPI. Lesen Sie mehr \u00fcber die Vision und Mission der OPACKGROUP und lernen Sie das Unternehmen kennen.\" \/>\n<meta property=\"og:url\" content=\"https:\/\/www.opi-plastics.nl\/de\/vision-und-auftrag\/\" \/>\n<meta property=\"og:site_name\" content=\"OPI Plastics\" \/>\n<meta property=\"article:modified_time\" content=\"2024-03-11T08:41:34+00:00\" \/>\n<meta name=\"twitter:card\" content=\"summary_large_image\" \/>\n<meta name=\"twitter:label1\" content=\"Gesch\u00e4tzte Lesezeit\" \/>\n\t<meta name=\"twitter:data1\" content=\"1\u00a0Minute\" \/>\n<script type=\"application\/ld+json\" class=\"yoast-schema-graph\">{\"@context\":\"https:\/\/schema.org\",\"@graph\":[{\"@type\":\"WebPage\",\"@id\":\"https:\/\/www.opi-plastics.nl\/de\/vision-und-auftrag\/\",\"url\":\"https:\/\/www.opi-plastics.nl\/de\/vision-und-auftrag\/\",\"name\":\"Vision und Auftrag - OPI Plastics\",\"isPartOf\":{\"@id\":\"https:\/\/www.opi-plastics.nl\/de\/#website\"},\"datePublished\":\"2023-07-20T11:59:59+00:00\",\"dateModified\":\"2024-03-11T08:41:34+00:00\",\"description\":\"Entdecken Sie hier die Standards und Werte von OPI. Lesen Sie mehr \u00fcber die Vision und Mission der OPACKGROUP und lernen Sie das Unternehmen kennen.\",\"breadcrumb\":{\"@id\":\"https:\/\/www.opi-plastics.nl\/de\/vision-und-auftrag\/#breadcrumb\"},\"inLanguage\":\"de\",\"potentialAction\":[{\"@type\":\"ReadAction\",\"target\":[\"https:\/\/www.opi-plastics.nl\/de\/vision-und-auftrag\/\"]}]},{\"@type\":\"BreadcrumbList\",\"@id\":\"https:\/\/www.opi-plastics.nl\/de\/vision-und-auftrag\/#breadcrumb\",\"itemListElement\":[{\"@type\":\"ListItem\",\"position\":1,\"name\":\"Home\",\"item\":\"https:\/\/www.opi-plastics.nl\/de\/\"},{\"@type\":\"ListItem\",\"position\":2,\"name\":\"Vision und Auftrag\"}]},{\"@type\":\"WebSite\",\"@id\":\"https:\/\/www.opi-plastics.nl\/de\/#website\",\"url\":\"https:\/\/www.opi-plastics.nl\/de\/\",\"name\":\"OPI Plastics\",\"description\":\"The sustainable innovator\",\"potentialAction\":[{\"@type\":\"SearchAction\",\"target\":{\"@type\":\"EntryPoint\",\"urlTemplate\":\"https:\/\/www.opi-plastics.nl\/de\/?suchanfrage={search_term_string}\"},\"query-input\":{\"@type\":\"PropertyValueSpecification\",\"valueRequired\":true,\"valueName\":\"search_term_string\"}}],\"inLanguage\":\"de\"}]}<\/script>","yoast_head_json":{"title":"Vision und Auftrag - OPI Plastics","description":"Entdecken Sie hier die Standards und Werte von OPI. Lesen Sie mehr \u00fcber die Vision und Mission der OPACKGROUP und lernen Sie das Unternehmen kennen.","robots":{"index":"index","follow":"follow","max-snippet":"max-snippet:-1","max-image-preview":"max-image-preview:large","max-video-preview":"max-video-preview:-1"},"canonical":"https:\/\/www.opi-plastics.nl\/de\/vision-und-auftrag\/","og_locale":"de_DE","og_type":"article","og_title":"Vision und Auftrag - OPI Plastics","og_description":"Entdecken Sie hier die Standards und Werte von OPI. Lesen Sie mehr \u00fcber die Vision und Mission der OPACKGROUP und lernen Sie das Unternehmen kennen.","og_url":"https:\/\/www.opi-plastics.nl\/de\/vision-und-auftrag\/","og_site_name":"OPI Plastics","article_modified_time":"2024-03-11T08:41:34+00:00","twitter_card":"summary_large_image","twitter_misc":{"Gesch\u00e4tzte Lesezeit":"1\u00a0Minute"},"schema":{"@context":"https:\/\/schema.org","@graph":[{"@type":"WebPage","@id":"https:\/\/www.opi-plastics.nl\/de\/vision-und-auftrag\/","url":"https:\/\/www.opi-plastics.nl\/de\/vision-und-auftrag\/","name":"Vision und Auftrag - OPI Plastics","isPartOf":{"@id":"https:\/\/www.opi-plastics.nl\/de\/#website"},"datePublished":"2023-07-20T11:59:59+00:00","dateModified":"2024-03-11T08:41:34+00:00","description":"Entdecken Sie hier die Standards und Werte von OPI. Lesen Sie mehr \u00fcber die Vision und Mission der OPACKGROUP und lernen Sie das Unternehmen kennen.","breadcrumb":{"@id":"https:\/\/www.opi-plastics.nl\/de\/vision-und-auftrag\/#breadcrumb"},"inLanguage":"de","potentialAction":[{"@type":"ReadAction","target":["https:\/\/www.opi-plastics.nl\/de\/vision-und-auftrag\/"]}]},{"@type":"BreadcrumbList","@id":"https:\/\/www.opi-plastics.nl\/de\/vision-und-auftrag\/#breadcrumb","itemListElement":[{"@type":"ListItem","position":1,"name":"Home","item":"https:\/\/www.opi-plastics.nl\/de\/"},{"@type":"ListItem","position":2,"name":"Vision und Auftrag"}]},{"@type":"WebSite","@id":"https:\/\/www.opi-plastics.nl\/de\/#website","url":"https:\/\/www.opi-plastics.nl\/de\/","name":"OPI Plastics","description":"The sustainable innovator","potentialAction":[{"@type":"SearchAction","target":{"@type":"EntryPoint","urlTemplate":"https:\/\/www.opi-plastics.nl\/de\/?suchanfrage={search_term_string}"},"query-input":{"@type":"PropertyValueSpecification","valueRequired":true,"valueName":"search_term_string"}}],"inLanguage":"de"}]}},"_links":{"self":[{"href":"https:\/\/www.opi-plastics.nl\/de\/wp-json\/wp\/v2\/pages\/958","targetHints":{"allow":["GET"]}}],"collection":[{"href":"https:\/\/www.opi-plastics.nl\/de\/wp-json\/wp\/v2\/pages"}],"about":[{"href":"https:\/\/www.opi-plastics.nl\/de\/wp-json\/wp\/v2\/types\/page"}],"author":[{"embeddable":true,"href":"https:\/\/www.opi-plastics.nl\/de\/wp-json\/wp\/v2\/users\/2"}],"replies":[{"embeddable":true,"href":"https:\/\/www.opi-plastics.nl\/de\/wp-json\/wp\/v2\/comments?post=958"}],"version-history":[{"count":11,"href":"https:\/\/www.opi-plastics.nl\/de\/wp-json\/wp\/v2\/pages\/958\/revisions"}],"predecessor-version":[{"id":1846,"href":"https:\/\/www.opi-plastics.nl\/de\/wp-json\/wp\/v2\/pages\/958\/revisions\/1846"}],"wp:attachment":[{"href":"https:\/\/www.opi-plastics.nl\/de\/wp-json\/wp\/v2\/media?parent=958"}],"curies":[{"name":"wp","href":"https:\/\/api.w.org\/{rel}","templated":true}]}}