{"id":950,"date":"2023-07-20T13:57:28","date_gmt":"2023-07-20T11:57:28","guid":{"rendered":"https:\/\/www.opi-plastics.nl\/de\/?page_id=950"},"modified":"2024-03-19T13:36:51","modified_gmt":"2024-03-19T12:36:51","slug":"produktion","status":"publish","type":"page","link":"https:\/\/www.opi-plastics.nl\/de\/produktion\/","title":{"rendered":"Produktion"},"content":{"rendered":"<p class=\"hh-block block-paragraph block-paragraph--id-69f608f7edd46\"data-mb=\"small\"><strong>An der Herstellung Ihrer flexiblen Kunststoffverpackungen oder Folien arbeiten mehrere Abteilungen mit.&nbsp; Weiter unten finden Sie weitere Informationen \u00fcber die verschiedenen Abteilungen. Sie m\u00f6chten mehr \u00fcber unseren Produktionsprozess erfahren? Nehmen Sie Kontakt mit uns auf unter +31 516-516608.<\/strong><\/p>\n\n<ul class=\"hh-block block-list block-list--type-unordered\"data-mb=\"small\">\n<li class=\"block-list__item\">\n            \n<a href=\"https:\/\/www.opi-plastics.nl\/de\/extrusion\/\">Extrusion<\/a>\n    <\/li>\n\n\n<li class=\"block-list__item\">\n            \n<a href=\"https:\/\/www.opi-plastics.nl\/de\/druckerei\/\">Druckerei<\/a>\n    <\/li>\n\n\n<li class=\"block-list__item\">\n            \n<a href=\"https:\/\/www.opi-plastics.nl\/de\/versiegeln\/\">Versiegeln<\/a>\n    <\/li>\n\n\n<li class=\"block-list__item\">\n            \n<a href=\"https:\/\/www.opi-plastics.nl\/de\/logistiek\/\">Logistik<\/a>\n    <\/li>\n\n<\/ul>","protected":false},"excerpt":{"rendered":"","protected":false},"author":2,"featured_media":0,"parent":0,"menu_order":17,"comment_status":"closed","ping_status":"closed","template":"","meta":{"_acf_changed":false,"footnotes":""},"class_list":["post-950","page","type-page","status-publish","hentry"],"acf":[],"yoast_head":"<title>Produktion - OPI Plastics<\/title>\n<meta name=\"description\" content=\"OPI hat verschiedene Abteilungen in der Produktion. Finden Sie heraus, was die verschiedenen Abteilungen sind und lesen Sie hier, was die Abteilungen tun.\" \/>\n<meta name=\"robots\" content=\"index, follow, max-snippet:-1, max-image-preview:large, max-video-preview:-1\" \/>\n<link rel=\"canonical\" href=\"https:\/\/www.opi-plastics.nl\/de\/produktion\/\" \/>\n<meta property=\"og:locale\" content=\"de_DE\" \/>\n<meta property=\"og:type\" content=\"article\" \/>\n<meta property=\"og:title\" content=\"Produktion - OPI Plastics\" \/>\n<meta property=\"og:description\" content=\"OPI hat verschiedene Abteilungen in der Produktion. Finden Sie heraus, was die verschiedenen Abteilungen sind und lesen Sie hier, was die Abteilungen tun.\" \/>\n<meta property=\"og:url\" content=\"https:\/\/www.opi-plastics.nl\/de\/produktion\/\" \/>\n<meta property=\"og:site_name\" content=\"OPI Plastics\" \/>\n<meta property=\"article:modified_time\" content=\"2024-03-19T12:36:51+00:00\" \/>\n<meta name=\"twitter:card\" content=\"summary_large_image\" \/>\n<meta name=\"twitter:label1\" content=\"Gesch\u00e4tzte Lesezeit\" \/>\n\t<meta name=\"twitter:data1\" content=\"1\u00a0Minute\" \/>\n<script type=\"application\/ld+json\" class=\"yoast-schema-graph\">{\"@context\":\"https:\/\/schema.org\",\"@graph\":[{\"@type\":\"WebPage\",\"@id\":\"https:\/\/www.opi-plastics.nl\/de\/produktion\/\",\"url\":\"https:\/\/www.opi-plastics.nl\/de\/produktion\/\",\"name\":\"Produktion - OPI Plastics\",\"isPartOf\":{\"@id\":\"https:\/\/www.opi-plastics.nl\/de\/#website\"},\"datePublished\":\"2023-07-20T11:57:28+00:00\",\"dateModified\":\"2024-03-19T12:36:51+00:00\",\"description\":\"OPI hat verschiedene Abteilungen in der Produktion. Finden Sie heraus, was die verschiedenen Abteilungen sind und lesen Sie hier, was die Abteilungen tun.\",\"breadcrumb\":{\"@id\":\"https:\/\/www.opi-plastics.nl\/de\/produktion\/#breadcrumb\"},\"inLanguage\":\"de\",\"potentialAction\":[{\"@type\":\"ReadAction\",\"target\":[\"https:\/\/www.opi-plastics.nl\/de\/produktion\/\"]}]},{\"@type\":\"BreadcrumbList\",\"@id\":\"https:\/\/www.opi-plastics.nl\/de\/produktion\/#breadcrumb\",\"itemListElement\":[{\"@type\":\"ListItem\",\"position\":1,\"name\":\"Home\",\"item\":\"https:\/\/www.opi-plastics.nl\/de\/\"},{\"@type\":\"ListItem\",\"position\":2,\"name\":\"Produktion\"}]},{\"@type\":\"WebSite\",\"@id\":\"https:\/\/www.opi-plastics.nl\/de\/#website\",\"url\":\"https:\/\/www.opi-plastics.nl\/de\/\",\"name\":\"OPI Plastics\",\"description\":\"The sustainable innovator\",\"potentialAction\":[{\"@type\":\"SearchAction\",\"target\":{\"@type\":\"EntryPoint\",\"urlTemplate\":\"https:\/\/www.opi-plastics.nl\/de\/?suchanfrage={search_term_string}\"},\"query-input\":{\"@type\":\"PropertyValueSpecification\",\"valueRequired\":true,\"valueName\":\"search_term_string\"}}],\"inLanguage\":\"de\"}]}<\/script>","yoast_head_json":{"title":"Produktion - OPI Plastics","description":"OPI hat verschiedene Abteilungen in der Produktion. Finden Sie heraus, was die verschiedenen Abteilungen sind und lesen Sie hier, was die Abteilungen tun.","robots":{"index":"index","follow":"follow","max-snippet":"max-snippet:-1","max-image-preview":"max-image-preview:large","max-video-preview":"max-video-preview:-1"},"canonical":"https:\/\/www.opi-plastics.nl\/de\/produktion\/","og_locale":"de_DE","og_type":"article","og_title":"Produktion - OPI Plastics","og_description":"OPI hat verschiedene Abteilungen in der Produktion. Finden Sie heraus, was die verschiedenen Abteilungen sind und lesen Sie hier, was die Abteilungen tun.","og_url":"https:\/\/www.opi-plastics.nl\/de\/produktion\/","og_site_name":"OPI Plastics","article_modified_time":"2024-03-19T12:36:51+00:00","twitter_card":"summary_large_image","twitter_misc":{"Gesch\u00e4tzte Lesezeit":"1\u00a0Minute"},"schema":{"@context":"https:\/\/schema.org","@graph":[{"@type":"WebPage","@id":"https:\/\/www.opi-plastics.nl\/de\/produktion\/","url":"https:\/\/www.opi-plastics.nl\/de\/produktion\/","name":"Produktion - OPI Plastics","isPartOf":{"@id":"https:\/\/www.opi-plastics.nl\/de\/#website"},"datePublished":"2023-07-20T11:57:28+00:00","dateModified":"2024-03-19T12:36:51+00:00","description":"OPI hat verschiedene Abteilungen in der Produktion. Finden Sie heraus, was die verschiedenen Abteilungen sind und lesen Sie hier, was die Abteilungen tun.","breadcrumb":{"@id":"https:\/\/www.opi-plastics.nl\/de\/produktion\/#breadcrumb"},"inLanguage":"de","potentialAction":[{"@type":"ReadAction","target":["https:\/\/www.opi-plastics.nl\/de\/produktion\/"]}]},{"@type":"BreadcrumbList","@id":"https:\/\/www.opi-plastics.nl\/de\/produktion\/#breadcrumb","itemListElement":[{"@type":"ListItem","position":1,"name":"Home","item":"https:\/\/www.opi-plastics.nl\/de\/"},{"@type":"ListItem","position":2,"name":"Produktion"}]},{"@type":"WebSite","@id":"https:\/\/www.opi-plastics.nl\/de\/#website","url":"https:\/\/www.opi-plastics.nl\/de\/","name":"OPI Plastics","description":"The sustainable innovator","potentialAction":[{"@type":"SearchAction","target":{"@type":"EntryPoint","urlTemplate":"https:\/\/www.opi-plastics.nl\/de\/?suchanfrage={search_term_string}"},"query-input":{"@type":"PropertyValueSpecification","valueRequired":true,"valueName":"search_term_string"}}],"inLanguage":"de"}]}},"_links":{"self":[{"href":"https:\/\/www.opi-plastics.nl\/de\/wp-json\/wp\/v2\/pages\/950","targetHints":{"allow":["GET"]}}],"collection":[{"href":"https:\/\/www.opi-plastics.nl\/de\/wp-json\/wp\/v2\/pages"}],"about":[{"href":"https:\/\/www.opi-plastics.nl\/de\/wp-json\/wp\/v2\/types\/page"}],"author":[{"embeddable":true,"href":"https:\/\/www.opi-plastics.nl\/de\/wp-json\/wp\/v2\/users\/2"}],"replies":[{"embeddable":true,"href":"https:\/\/www.opi-plastics.nl\/de\/wp-json\/wp\/v2\/comments?post=950"}],"version-history":[{"count":17,"href":"https:\/\/www.opi-plastics.nl\/de\/wp-json\/wp\/v2\/pages\/950\/revisions"}],"predecessor-version":[{"id":1900,"href":"https:\/\/www.opi-plastics.nl\/de\/wp-json\/wp\/v2\/pages\/950\/revisions\/1900"}],"wp:attachment":[{"href":"https:\/\/www.opi-plastics.nl\/de\/wp-json\/wp\/v2\/media?parent=950"}],"curies":[{"name":"wp","href":"https:\/\/api.w.org\/{rel}","templated":true}]}}