{"id":948,"date":"2023-07-20T13:56:54","date_gmt":"2023-07-20T11:56:54","guid":{"rendered":"https:\/\/www.opi-plastics.nl\/de\/?page_id=948"},"modified":"2024-03-11T11:39:52","modified_gmt":"2024-03-11T10:39:52","slug":"stellenangebote","status":"publish","type":"page","link":"https:\/\/www.opi-plastics.nl\/de\/stellenangebote\/","title":{"rendered":"Stellenangebote"},"content":{"rendered":"<p class=\"hh-block block-paragraph block-paragraph--id-69e01a420e791\"data-mb=\"small\">Arbeiten bei OPI bedeutet, in sauberen Fabriken zu arbeiten. Schlie\u00dflich stellen wir unter anderem Verpackungsmaterial f\u00fcr die Lebensmittelindustrie her, und da ist es besonders wichtig, dass wir sauber und sicher arbeiten. Wir arbeiten hart, aber auch Geselligkeit ist uns wichtig. Die Atmosph\u00e4re ist famili\u00e4r, und unser aktiver Betriebsrat organisiert viele unterhaltsame Aktivit\u00e4ten f\u00fcr die Mitarbeiter und ihre Familien. Werfen Sie einen Blick auf unsere Stellenangebote \u00fcber den unten stehenden Link zu unserer Arbeiten-bei-Website!<\/p>\n\n\n\n    <div class=\"hh-block block-button block-button--align-left\"\n         data-mt=\"none\"         data-mb=\"small\">\n\n        \n            \n            <a href=\"https:\/\/werkenbijopackgroup.nl\/vacatures?o=0&#038;n=10&#038;of=50&#038;of=53&#038;f=62&#038;hl=0&#038;hh=40#vacancy-overview\" target=\"_blank\" rel=\"noopener noreferrer\" class=\"hh-button hh-button--bc hh-button--style-filled hh-button--size-xlarge hh-button--color-primary block-button__button\"><span class=\"hh-button__text block-button__button-text\">Arbeitsangebot<span class=\"hh-sr-only\"> (opens in new tab)<\/span><\/span><\/a>\n        \n    <\/div>\n\n\n","protected":false},"excerpt":{"rendered":"","protected":false},"author":2,"featured_media":0,"parent":0,"menu_order":25,"comment_status":"closed","ping_status":"closed","template":"","meta":{"_acf_changed":false,"footnotes":""},"class_list":["post-948","page","type-page","status-publish","hentry"],"acf":[],"yoast_head":"<title>Stellenangebote - OPI Plastics<\/title>\n<meta name=\"description\" content=\"Informieren Sie sich hier \u00fcber die offenen Stellen bei OPI. Entdecken Sie die verschiedenen Positionen in unserem Unternehmen und finden Sie Ihren perfekten Job.\" \/>\n<meta name=\"robots\" content=\"index, follow, max-snippet:-1, max-image-preview:large, max-video-preview:-1\" \/>\n<link rel=\"canonical\" href=\"https:\/\/www.opi-plastics.nl\/de\/stellenangebote\/\" \/>\n<meta property=\"og:locale\" content=\"de_DE\" \/>\n<meta property=\"og:type\" content=\"article\" \/>\n<meta property=\"og:title\" content=\"Stellenangebote - OPI Plastics\" \/>\n<meta property=\"og:description\" content=\"Informieren Sie sich hier \u00fcber die offenen Stellen bei OPI. Entdecken Sie die verschiedenen Positionen in unserem Unternehmen und finden Sie Ihren perfekten Job.\" \/>\n<meta property=\"og:url\" content=\"https:\/\/www.opi-plastics.nl\/de\/stellenangebote\/\" \/>\n<meta property=\"og:site_name\" content=\"OPI Plastics\" \/>\n<meta property=\"article:modified_time\" content=\"2024-03-11T10:39:52+00:00\" \/>\n<meta name=\"twitter:card\" content=\"summary_large_image\" \/>\n<meta name=\"twitter:label1\" content=\"Gesch\u00e4tzte Lesezeit\" \/>\n\t<meta name=\"twitter:data1\" content=\"1\u00a0Minute\" \/>\n<script type=\"application\/ld+json\" class=\"yoast-schema-graph\">{\"@context\":\"https:\/\/schema.org\",\"@graph\":[{\"@type\":\"WebPage\",\"@id\":\"https:\/\/www.opi-plastics.nl\/de\/stellenangebote\/\",\"url\":\"https:\/\/www.opi-plastics.nl\/de\/stellenangebote\/\",\"name\":\"Stellenangebote - OPI Plastics\",\"isPartOf\":{\"@id\":\"https:\/\/www.opi-plastics.nl\/de\/#website\"},\"datePublished\":\"2023-07-20T11:56:54+00:00\",\"dateModified\":\"2024-03-11T10:39:52+00:00\",\"description\":\"Informieren Sie sich hier \u00fcber die offenen Stellen bei OPI. Entdecken Sie die verschiedenen Positionen in unserem Unternehmen und finden Sie Ihren perfekten Job.\",\"breadcrumb\":{\"@id\":\"https:\/\/www.opi-plastics.nl\/de\/stellenangebote\/#breadcrumb\"},\"inLanguage\":\"de\",\"potentialAction\":[{\"@type\":\"ReadAction\",\"target\":[\"https:\/\/www.opi-plastics.nl\/de\/stellenangebote\/\"]}]},{\"@type\":\"BreadcrumbList\",\"@id\":\"https:\/\/www.opi-plastics.nl\/de\/stellenangebote\/#breadcrumb\",\"itemListElement\":[{\"@type\":\"ListItem\",\"position\":1,\"name\":\"Home\",\"item\":\"https:\/\/www.opi-plastics.nl\/de\/\"},{\"@type\":\"ListItem\",\"position\":2,\"name\":\"Stellenangebote\"}]},{\"@type\":\"WebSite\",\"@id\":\"https:\/\/www.opi-plastics.nl\/de\/#website\",\"url\":\"https:\/\/www.opi-plastics.nl\/de\/\",\"name\":\"OPI Plastics\",\"description\":\"The sustainable innovator\",\"potentialAction\":[{\"@type\":\"SearchAction\",\"target\":{\"@type\":\"EntryPoint\",\"urlTemplate\":\"https:\/\/www.opi-plastics.nl\/de\/?suchanfrage={search_term_string}\"},\"query-input\":{\"@type\":\"PropertyValueSpecification\",\"valueRequired\":true,\"valueName\":\"search_term_string\"}}],\"inLanguage\":\"de\"}]}<\/script>","yoast_head_json":{"title":"Stellenangebote - OPI Plastics","description":"Informieren Sie sich hier \u00fcber die offenen Stellen bei OPI. Entdecken Sie die verschiedenen Positionen in unserem Unternehmen und finden Sie Ihren perfekten Job.","robots":{"index":"index","follow":"follow","max-snippet":"max-snippet:-1","max-image-preview":"max-image-preview:large","max-video-preview":"max-video-preview:-1"},"canonical":"https:\/\/www.opi-plastics.nl\/de\/stellenangebote\/","og_locale":"de_DE","og_type":"article","og_title":"Stellenangebote - OPI Plastics","og_description":"Informieren Sie sich hier \u00fcber die offenen Stellen bei OPI. Entdecken Sie die verschiedenen Positionen in unserem Unternehmen und finden Sie Ihren perfekten Job.","og_url":"https:\/\/www.opi-plastics.nl\/de\/stellenangebote\/","og_site_name":"OPI Plastics","article_modified_time":"2024-03-11T10:39:52+00:00","twitter_card":"summary_large_image","twitter_misc":{"Gesch\u00e4tzte Lesezeit":"1\u00a0Minute"},"schema":{"@context":"https:\/\/schema.org","@graph":[{"@type":"WebPage","@id":"https:\/\/www.opi-plastics.nl\/de\/stellenangebote\/","url":"https:\/\/www.opi-plastics.nl\/de\/stellenangebote\/","name":"Stellenangebote - OPI Plastics","isPartOf":{"@id":"https:\/\/www.opi-plastics.nl\/de\/#website"},"datePublished":"2023-07-20T11:56:54+00:00","dateModified":"2024-03-11T10:39:52+00:00","description":"Informieren Sie sich hier \u00fcber die offenen Stellen bei OPI. Entdecken Sie die verschiedenen Positionen in unserem Unternehmen und finden Sie Ihren perfekten Job.","breadcrumb":{"@id":"https:\/\/www.opi-plastics.nl\/de\/stellenangebote\/#breadcrumb"},"inLanguage":"de","potentialAction":[{"@type":"ReadAction","target":["https:\/\/www.opi-plastics.nl\/de\/stellenangebote\/"]}]},{"@type":"BreadcrumbList","@id":"https:\/\/www.opi-plastics.nl\/de\/stellenangebote\/#breadcrumb","itemListElement":[{"@type":"ListItem","position":1,"name":"Home","item":"https:\/\/www.opi-plastics.nl\/de\/"},{"@type":"ListItem","position":2,"name":"Stellenangebote"}]},{"@type":"WebSite","@id":"https:\/\/www.opi-plastics.nl\/de\/#website","url":"https:\/\/www.opi-plastics.nl\/de\/","name":"OPI Plastics","description":"The sustainable innovator","potentialAction":[{"@type":"SearchAction","target":{"@type":"EntryPoint","urlTemplate":"https:\/\/www.opi-plastics.nl\/de\/?suchanfrage={search_term_string}"},"query-input":{"@type":"PropertyValueSpecification","valueRequired":true,"valueName":"search_term_string"}}],"inLanguage":"de"}]}},"_links":{"self":[{"href":"https:\/\/www.opi-plastics.nl\/de\/wp-json\/wp\/v2\/pages\/948","targetHints":{"allow":["GET"]}}],"collection":[{"href":"https:\/\/www.opi-plastics.nl\/de\/wp-json\/wp\/v2\/pages"}],"about":[{"href":"https:\/\/www.opi-plastics.nl\/de\/wp-json\/wp\/v2\/types\/page"}],"author":[{"embeddable":true,"href":"https:\/\/www.opi-plastics.nl\/de\/wp-json\/wp\/v2\/users\/2"}],"replies":[{"embeddable":true,"href":"https:\/\/www.opi-plastics.nl\/de\/wp-json\/wp\/v2\/comments?post=948"}],"version-history":[{"count":14,"href":"https:\/\/www.opi-plastics.nl\/de\/wp-json\/wp\/v2\/pages\/948\/revisions"}],"predecessor-version":[{"id":1887,"href":"https:\/\/www.opi-plastics.nl\/de\/wp-json\/wp\/v2\/pages\/948\/revisions\/1887"}],"wp:attachment":[{"href":"https:\/\/www.opi-plastics.nl\/de\/wp-json\/wp\/v2\/media?parent=948"}],"curies":[{"name":"wp","href":"https:\/\/api.w.org\/{rel}","templated":true}]}}