{"id":944,"date":"2023-07-20T13:56:13","date_gmt":"2023-07-20T11:56:13","guid":{"rendered":"https:\/\/www.opi-plastics.nl\/de\/?page_id=944"},"modified":"2024-02-12T08:59:05","modified_gmt":"2024-02-12T07:59:05","slug":"marktubersicht","status":"publish","type":"page","link":"https:\/\/www.opi-plastics.nl\/de\/marktubersicht\/","title":{"rendered":"Markt\u00fcbersicht"},"content":{"rendered":"\n<div class=\"hh-block block-row\"data-mb=\"regular\">\n    <div class=\"block-row__row row block-row__row--preset-1\/3|1\/3|1\/3 block-row__row--align-stretch\">\n                \n\n<div class=\"hh-block block-column col col--1 col--lg-1\/3\">\n    \n    <style>\n        .block-paragraph.block-paragraph--id-69f38e4c64487 {\n                                    --hh-paragraph-font-size: 2rem;\n                    }\n\n            <\/style>\n<p class=\"hh-block block-paragraph block-paragraph--id-69f38e4c64487\"data-mb=\"small\"><strong>Food<\/strong><\/p>\n\n<ul class=\"hh-block block-list block-list--type-unordered\"data-mb=\"small\">\n<li class=\"block-list__item\">\n            \n<a href=\"https:\/\/www.opi-plastics.nl\/de\/markten\/lebensmittel\/brot-backwaren\/\">Brot &amp; Backwaren<\/a>\n    <\/li>\n\n\n<li class=\"block-list__item\">\n            \n<a href=\"https:\/\/www.opi-plastics.nl\/de\/markten\/lebensmittel\/fertiggerichte\/\">Fertiggerichte<\/a>\n    <\/li>\n\n\n<li class=\"block-list__item\">\n            \n<a href=\"https:\/\/www.opi-plastics.nl\/de\/markten\/lebensmittel\/fisch\/\">Fisch<\/a>\n    <\/li>\n\n\n<li class=\"block-list__item\">\n            \n<a href=\"https:\/\/www.opi-plastics.nl\/de\/markten\/lebensmittel\/fleisch\/\">Fleisch<\/a>\n    <\/li>\n\n\n<li class=\"block-list__item\">\n            \n<a href=\"https:\/\/www.opi-plastics.nl\/de\/markten\/lebensmittel\/geback-susswaren\/\">Geb\u00e4ck und S\u00fc\u00dfwaren<\/a>\n    <\/li>\n\n\n<li class=\"block-list__item\">\n            \n<a href=\"https:\/\/www.opi-plastics.nl\/de\/markten\/lebensmittel\/getranke\/\">Getr\u00e4nke<\/a>\n    <\/li>\n\n\n<li class=\"block-list__item\">\n            \n<a href=\"https:\/\/www.opi-plastics.nl\/de\/markten\/lebensmittel\/kartoffeln-gemuse-obst\/\">Kartoffeln. Gem\u00fcse &amp; Obst<\/a>\n    <\/li>\n\n\n<li class=\"block-list__item\">\n            \n<a href=\"https:\/\/www.opi-plastics.nl\/de\/markten\/lebensmittel\/kraeuter-gewurze\/\">Kr\u00e4uter &amp; Gew\u00fcrze<\/a>\n    <\/li>\n\n\n<li class=\"block-list__item\">\n            \n<a href=\"https:\/\/www.opi-plastics.nl\/de\/markten\/lebensmittel\/milchprodukte\/\">Milchprodukte<\/a>\n    <\/li>\n\n\n<li class=\"block-list__item\">\n            \n<a href=\"https:\/\/www.opi-plastics.nl\/de\/markten\/non-food\/retail\/\">Retail<\/a>\n    <\/li>\n\n\n<li class=\"block-list__item\">\n            \n<a href=\"https:\/\/www.opi-plastics.nl\/de\/markten\/lebensmittel\/snacks\/\">Snacks<\/a>\n    <\/li>\n\n\n<li class=\"block-list__item\">\n            \n<a href=\"https:\/\/www.opi-plastics.nl\/de\/markten\/lebensmittel\/sonstiges-lebensmittel\/\">Sonstiges<\/a>\n    <\/li>\n\n\n<li class=\"block-list__item\">\n            \n<a href=\"https:\/\/www.opi-plastics.nl\/de\/markten\/lebensmittel\/tierfutter\/\">Tierfutter\/Futtermittel<\/a>\n    <\/li>\n\n<\/ul>\n<\/div>\n\n\n<div class=\"hh-block block-column col col--1 col--lg-1\/3\">\n    \n    <style>\n        .block-paragraph.block-paragraph--id-69f38e4c64b74 {\n                                    --hh-paragraph-font-size: 2rem;\n                    }\n\n            <\/style>\n<p class=\"hh-block block-paragraph block-paragraph--id-69f38e4c64b74\"data-mb=\"small\"><strong>Non-Food<\/strong><\/p>\n\n<ul class=\"hh-block block-list block-list--type-unordered\"data-mb=\"small\">\n<li class=\"block-list__item\">\n            \n<a href=\"https:\/\/www.opi-plastics.nl\/de\/markten\/non-food\/automobilindustrie\/\">Automobilindustrie<\/a>\n    <\/li>\n\n\n<li class=\"block-list__item\">\n            \n<a href=\"https:\/\/www.opi-plastics.nl\/de\/markten\/non-food\/bauwesen\/\">Bauwesen<\/a>\n    <\/li>\n\n\n<li class=\"block-list__item\">\n            \n<a href=\"https:\/\/www.opi-plastics.nl\/de\/markten\/non-food\/blumenerde-dungemittel\/\">Blumenerde &amp; D\u00fcngemittel<\/a>\n    <\/li>\n\n\n<li class=\"block-list__item\">\n            \n<a href=\"https:\/\/www.opi-plastics.nl\/de\/markten\/non-food\/chemie\/\">Chemie<\/a>\n    <\/li>\n\n\n<li class=\"block-list__item\">\n            \n<a href=\"https:\/\/www.opi-plastics.nl\/de\/markten\/non-food\/ecommerce\/\">E-commerce<\/a>\n    <\/li>\n\n\n<li class=\"block-list__item\">\n            \n<a href=\"https:\/\/www.opi-plastics.nl\/de\/markten\/non-food\/fertigung\/\">Fertigung<\/a>\n    <\/li>\n\n\n<li class=\"block-list__item\">\n            \n<a href=\"https:\/\/www.opi-plastics.nl\/de\/markten\/non-food\/hygiene-ausstattung\/\">Hygi\u00ebne en facilitair<\/a>\n    <\/li>\n\n\n<li class=\"block-list__item\">\n            \n<a href=\"https:\/\/www.opi-plastics.nl\/de\/markten\/non-food\/logistik\/\">Logistik<\/a>\n    <\/li>\n\n\n<li class=\"block-list__item\">\n            \n<a href=\"https:\/\/www.opi-plastics.nl\/de\/markten\/non-food\/medien\/\">Medien<\/a>\n    <\/li>\n\n\n<li class=\"block-list__item\">\n            \n<a href=\"https:\/\/www.opi-plastics.nl\/de\/markten\/non-food\/pharmazie\/\">Pharmazie<\/a>\n    <\/li>\n\n\n<li class=\"block-list__item\">\n            \n<a href=\"https:\/\/www.opi-plastics.nl\/de\/markten\/non-food\/retail\/\">Retail<\/a>\n    <\/li>\n\n\n<li class=\"block-list__item\">\n            \n<a href=\"https:\/\/www.opi-plastics.nl\/de\/markten\/non-food\/sonstiges-non-food\/\">Sonstiges<\/a>\n    <\/li>\n\n<\/ul>\n<\/div>\n\n\n<div class=\"hh-block block-column col col--1 col--lg-1\/3\">\n    \n    <style>\n        .block-paragraph.block-paragraph--id-69f38e4c65102 {\n                                    --hh-paragraph-font-size: 2rem;\n                    }\n\n            <\/style>\n<p class=\"hh-block block-paragraph block-paragraph--id-69f38e4c65102\"data-mb=\"small\"><strong>Agri &amp; Horticulture<\/strong><\/p>\n\n<ul class=\"hh-block block-list block-list--type-unordered\"data-mb=\"small\">\n<li class=\"block-list__item\">\n            \n<a href=\"https:\/\/www.opi-plastics.nl\/de\/markten\/agrar-gartenbau\/ackerbau\/\">Ackerbau<\/a>\n    <\/li>\n\n\n<li class=\"block-list__item\">\n            \n<a href=\"https:\/\/www.opi-plastics.nl\/de\/markten\/agrar-gartenbau\/beetbereitung\/\">Beetbereitung<\/a>\n    <\/li>\n\n\n<li class=\"block-list__item\">\n            \n<a href=\"https:\/\/www.opi-plastics.nl\/de\/markten\/non-food\/potgrond-meststof\/\"><\/a><a href=\"https:\/\/www.opi-plastics.nl\/de\/markten\/non-food\/blumenerde-dungemittel\/\">Blumenerde &amp; D\u00fcngemittel<\/a>\n    <\/li>\n\n\n<li class=\"block-list__item\">\n            \n<a href=\"https:\/\/www.opi-plastics.nl\/de\/markten\/agrar-gartenbau\/gartenbau-freiland\/\">Gartenbau im Freiland<\/a>\n    <\/li>\n\n\n<li class=\"block-list__item\">\n            \n<a href=\"https:\/\/www.opi-plastics.nl\/de\/markten\/agrar-gartenbau\/gewachshausanbau\/\">Gew\u00e4chshausanbau<\/a>\n    <\/li>\n\n\n<li class=\"block-list__item\">\n            \n<a href=\"https:\/\/www.opi-plastics.nl\/de\/markten\/food\/agf\/\" target=\"_blank\" rel=\"noreferrer noopener\"><\/a><a href=\"https:\/\/www.opi-plastics.nl\/de\/markten\/lebensmittel\/kartoffeln-gemuse-obst\/\">Kartoffeln. Gem\u00fcse &amp; Obst<\/a>\n    <\/li>\n\n\n<li class=\"block-list__item\">\n            \n<a href=\"https:\/\/www.opi-plastics.nl\/de\/markten\/agrar-gartenbau\/sonstiges-agrar\/\">Sonstiges<\/a>\n    <\/li>\n\n\n<li class=\"block-list__item\">\n            \n<a href=\"https:\/\/www.opi-plastics.nl\/de\/markten\/agrar-gartenbau\/viehzucht\/\">Viehzucht<\/a>\n    <\/li>\n\n<\/ul>\n<\/div>\n            <\/div>\n<\/div>\n","protected":false},"excerpt":{"rendered":"","protected":false},"author":2,"featured_media":0,"parent":0,"menu_order":27,"comment_status":"closed","ping_status":"closed","template":"","meta":{"_acf_changed":false,"footnotes":""},"class_list":["post-944","page","type-page","status-publish","hentry"],"acf":[],"yoast_head":"<title>Markt\u00fcbersicht - OPI Plastics<\/title>\n<meta name=\"description\" content=\"Lees hier meer over de verschillende markten waarin OPI PE-verpakkingen en folies voor produceert. Ontdek welke markten het precies zijn.\" \/>\n<meta name=\"robots\" content=\"index, follow, max-snippet:-1, max-image-preview:large, max-video-preview:-1\" \/>\n<link rel=\"canonical\" href=\"https:\/\/www.opi-plastics.nl\/de\/marktubersicht\/\" \/>\n<meta property=\"og:locale\" content=\"de_DE\" \/>\n<meta property=\"og:type\" content=\"article\" \/>\n<meta property=\"og:title\" content=\"Markt\u00fcbersicht - OPI Plastics\" \/>\n<meta property=\"og:description\" content=\"Lees hier meer over de verschillende markten waarin OPI PE-verpakkingen en folies voor produceert. Ontdek welke markten het precies zijn.\" \/>\n<meta property=\"og:url\" content=\"https:\/\/www.opi-plastics.nl\/de\/marktubersicht\/\" \/>\n<meta property=\"og:site_name\" content=\"OPI Plastics\" \/>\n<meta property=\"article:modified_time\" content=\"2024-02-12T07:59:05+00:00\" \/>\n<meta name=\"twitter:card\" content=\"summary_large_image\" \/>\n<meta name=\"twitter:label1\" content=\"Gesch\u00e4tzte Lesezeit\" \/>\n\t<meta name=\"twitter:data1\" content=\"1\u00a0Minute\" \/>\n<script type=\"application\/ld+json\" class=\"yoast-schema-graph\">{\"@context\":\"https:\/\/schema.org\",\"@graph\":[{\"@type\":\"WebPage\",\"@id\":\"https:\/\/www.opi-plastics.nl\/de\/marktubersicht\/\",\"url\":\"https:\/\/www.opi-plastics.nl\/de\/marktubersicht\/\",\"name\":\"Markt\u00fcbersicht - OPI Plastics\",\"isPartOf\":{\"@id\":\"https:\/\/www.opi-plastics.nl\/de\/#website\"},\"datePublished\":\"2023-07-20T11:56:13+00:00\",\"dateModified\":\"2024-02-12T07:59:05+00:00\",\"description\":\"Lees hier meer over de verschillende markten waarin OPI PE-verpakkingen en folies voor produceert. Ontdek welke markten het precies zijn.\",\"breadcrumb\":{\"@id\":\"https:\/\/www.opi-plastics.nl\/de\/marktubersicht\/#breadcrumb\"},\"inLanguage\":\"de\",\"potentialAction\":[{\"@type\":\"ReadAction\",\"target\":[\"https:\/\/www.opi-plastics.nl\/de\/marktubersicht\/\"]}]},{\"@type\":\"BreadcrumbList\",\"@id\":\"https:\/\/www.opi-plastics.nl\/de\/marktubersicht\/#breadcrumb\",\"itemListElement\":[{\"@type\":\"ListItem\",\"position\":1,\"name\":\"Home\",\"item\":\"https:\/\/www.opi-plastics.nl\/de\/\"},{\"@type\":\"ListItem\",\"position\":2,\"name\":\"Markt\u00fcbersicht\"}]},{\"@type\":\"WebSite\",\"@id\":\"https:\/\/www.opi-plastics.nl\/de\/#website\",\"url\":\"https:\/\/www.opi-plastics.nl\/de\/\",\"name\":\"OPI Plastics\",\"description\":\"The sustainable innovator\",\"potentialAction\":[{\"@type\":\"SearchAction\",\"target\":{\"@type\":\"EntryPoint\",\"urlTemplate\":\"https:\/\/www.opi-plastics.nl\/de\/?suchanfrage={search_term_string}\"},\"query-input\":{\"@type\":\"PropertyValueSpecification\",\"valueRequired\":true,\"valueName\":\"search_term_string\"}}],\"inLanguage\":\"de\"}]}<\/script>","yoast_head_json":{"title":"Markt\u00fcbersicht - OPI Plastics","description":"Lees hier meer over de verschillende markten waarin OPI PE-verpakkingen en folies voor produceert. Ontdek welke markten het precies zijn.","robots":{"index":"index","follow":"follow","max-snippet":"max-snippet:-1","max-image-preview":"max-image-preview:large","max-video-preview":"max-video-preview:-1"},"canonical":"https:\/\/www.opi-plastics.nl\/de\/marktubersicht\/","og_locale":"de_DE","og_type":"article","og_title":"Markt\u00fcbersicht - OPI Plastics","og_description":"Lees hier meer over de verschillende markten waarin OPI PE-verpakkingen en folies voor produceert. Ontdek welke markten het precies zijn.","og_url":"https:\/\/www.opi-plastics.nl\/de\/marktubersicht\/","og_site_name":"OPI Plastics","article_modified_time":"2024-02-12T07:59:05+00:00","twitter_card":"summary_large_image","twitter_misc":{"Gesch\u00e4tzte Lesezeit":"1\u00a0Minute"},"schema":{"@context":"https:\/\/schema.org","@graph":[{"@type":"WebPage","@id":"https:\/\/www.opi-plastics.nl\/de\/marktubersicht\/","url":"https:\/\/www.opi-plastics.nl\/de\/marktubersicht\/","name":"Markt\u00fcbersicht - OPI Plastics","isPartOf":{"@id":"https:\/\/www.opi-plastics.nl\/de\/#website"},"datePublished":"2023-07-20T11:56:13+00:00","dateModified":"2024-02-12T07:59:05+00:00","description":"Lees hier meer over de verschillende markten waarin OPI PE-verpakkingen en folies voor produceert. Ontdek welke markten het precies zijn.","breadcrumb":{"@id":"https:\/\/www.opi-plastics.nl\/de\/marktubersicht\/#breadcrumb"},"inLanguage":"de","potentialAction":[{"@type":"ReadAction","target":["https:\/\/www.opi-plastics.nl\/de\/marktubersicht\/"]}]},{"@type":"BreadcrumbList","@id":"https:\/\/www.opi-plastics.nl\/de\/marktubersicht\/#breadcrumb","itemListElement":[{"@type":"ListItem","position":1,"name":"Home","item":"https:\/\/www.opi-plastics.nl\/de\/"},{"@type":"ListItem","position":2,"name":"Markt\u00fcbersicht"}]},{"@type":"WebSite","@id":"https:\/\/www.opi-plastics.nl\/de\/#website","url":"https:\/\/www.opi-plastics.nl\/de\/","name":"OPI Plastics","description":"The sustainable innovator","potentialAction":[{"@type":"SearchAction","target":{"@type":"EntryPoint","urlTemplate":"https:\/\/www.opi-plastics.nl\/de\/?suchanfrage={search_term_string}"},"query-input":{"@type":"PropertyValueSpecification","valueRequired":true,"valueName":"search_term_string"}}],"inLanguage":"de"}]}},"_links":{"self":[{"href":"https:\/\/www.opi-plastics.nl\/de\/wp-json\/wp\/v2\/pages\/944","targetHints":{"allow":["GET"]}}],"collection":[{"href":"https:\/\/www.opi-plastics.nl\/de\/wp-json\/wp\/v2\/pages"}],"about":[{"href":"https:\/\/www.opi-plastics.nl\/de\/wp-json\/wp\/v2\/types\/page"}],"author":[{"embeddable":true,"href":"https:\/\/www.opi-plastics.nl\/de\/wp-json\/wp\/v2\/users\/2"}],"replies":[{"embeddable":true,"href":"https:\/\/www.opi-plastics.nl\/de\/wp-json\/wp\/v2\/comments?post=944"}],"version-history":[{"count":11,"href":"https:\/\/www.opi-plastics.nl\/de\/wp-json\/wp\/v2\/pages\/944\/revisions"}],"predecessor-version":[{"id":1603,"href":"https:\/\/www.opi-plastics.nl\/de\/wp-json\/wp\/v2\/pages\/944\/revisions\/1603"}],"wp:attachment":[{"href":"https:\/\/www.opi-plastics.nl\/de\/wp-json\/wp\/v2\/media?parent=944"}],"curies":[{"name":"wp","href":"https:\/\/api.w.org\/{rel}","templated":true}]}}