{"id":490,"date":"2022-09-22T12:14:29","date_gmt":"2022-09-22T10:14:29","guid":{"rendered":"https:\/\/www.opi-plastics.nl\/de\/?page_id=490"},"modified":"2024-02-01T15:16:03","modified_gmt":"2024-02-01T14:16:03","slug":"uber-uns","status":"publish","type":"page","link":"https:\/\/www.opi-plastics.nl\/de\/uber-uns\/","title":{"rendered":"\u00dcber uns"},"content":{"rendered":"<p class=\"hh-block block-paragraph block-paragraph--id-69e4bd1f3d80c\"data-mb=\"small\">Oosterwoldse Plastic Industry ist ein Hersteller von PE-Verpackungen und Folien. Die Spezialit\u00e4t von OPI ist die Produktion von Folien, Folienzuschnitten, Hauben, S\u00e4cken (lose, Blocks\u00e4cke, auf Halter oder Papprolle), M\u00fclls\u00e4cken und Sammelbeuteln. M\u00fclls\u00e4cke stellt OPI auf sehr effiziente Weise mit modernen und schnellen Maschinen her, auf Wunsch auch mit Aufdruck, direkt hinter dem Extruder.<\/p>\n\n<p class=\"hh-block block-paragraph block-paragraph--id-69e4bd1f3d901\"data-mb=\"small\">OPI ist Teil der OPACKGROUP. Dazu z\u00e4hlen die folgenden Unternehmen:<\/p>\n\n<p class=\"hh-block block-paragraph block-paragraph--id-69e4bd1f3d984\"data-mb=\"small\"><strong>Oerlemans Plastics<\/strong> \u2013 Genderen \u2013 Giessen<br>PE-Verpackungen und Folie<br>Gartenbau \u2013 Lebensmittel \u2013 Non-Food \u2013 Verpackungsgro\u00dfhandel<\/p>\n\n<p class=\"hh-block block-paragraph block-paragraph--id-69e4bd1f3d9f4\"data-mb=\"small\"><strong>Plasthill Technical Films<\/strong> \u2013 Hillegom<br>Industrielle PE-Verpackungen (bis zu 10 Meter breit)<\/p>\n\n<p class=\"hh-block block-paragraph block-paragraph--id-69e4bd1f3da7d\"data-mb=\"small\"><strong>Perfon<\/strong> \u2013 Goor<br>Polypropylenzuschnitte und Folie \/ Hotneedle und gestanzt<\/p>\n\n<p class=\"hh-block block-paragraph block-paragraph--id-69e4bd1f3daf9\"data-mb=\"small\"><strong>Oosterwolde Plastic Industry<\/strong> \u2013 Oosterwolde<br>PE-Verpackungen und Folie \/ HDPE-, LDPE-Beutel, Folienzuschnitte und Folie<\/p>\n\n<p class=\"hh-block block-paragraph block-paragraph--id-69e4bd1f3db68\"data-mb=\"small\"><strong>Fardem Packaging<\/strong> \u2013 Edam<br>PE-Verpackungen und Folie \/ D\u00fcngemittel \u2013 Salz \u2013 Bauwesen \u2013 Polymere \u2013 Zement \u2013 Futtermittel<\/p>\n\n<p class=\"hh-block block-paragraph block-paragraph--id-69e4bd1f3dbd0\"data-mb=\"small\"><strong>Flexpak<\/strong> \u2013 Geldermalsen<br>Laminatfolie \u2013 Blockbodenbeutel \u2013 Folienzuschnitte \u2013 Rondelle<\/p>\n\n<p class=\"hh-block block-paragraph block-paragraph--id-69e4bd1f3dc7b\"data-mb=\"small\"><strong>Verpakkingsindustrie Stempher<\/strong> \u2013 Rijssen<br>Extrusions-LDPE \u2013 LLDPE \u2013 MDPE \u2013 Coex \u2013 Papier<\/p>","protected":false},"excerpt":{"rendered":"","protected":false},"author":1,"featured_media":0,"parent":0,"menu_order":11,"comment_status":"closed","ping_status":"closed","template":"","meta":{"_acf_changed":false,"footnotes":""},"class_list":["post-490","page","type-page","status-publish","hentry"],"acf":[],"yoast_head":"<title>\u00dcber uns - OPI Plastics<\/title>\n<meta name=\"description\" content=\"OPI Plastics ist der Hersteller von PE-Verpackungen und -Folien. Lesen Sie hier mehr \u00fcber uns und erfahren Sie, was unsere Spezialit\u00e4ten sind.\" \/>\n<meta name=\"robots\" content=\"index, follow, max-snippet:-1, max-image-preview:large, max-video-preview:-1\" \/>\n<link rel=\"canonical\" href=\"https:\/\/www.opi-plastics.nl\/de\/uber-uns\/\" \/>\n<meta property=\"og:locale\" content=\"de_DE\" \/>\n<meta property=\"og:type\" content=\"article\" \/>\n<meta property=\"og:title\" content=\"\u00dcber uns - OPI Plastics\" \/>\n<meta property=\"og:description\" content=\"OPI Plastics ist der Hersteller von PE-Verpackungen und -Folien. Lesen Sie hier mehr \u00fcber uns und erfahren Sie, was unsere Spezialit\u00e4ten sind.\" \/>\n<meta property=\"og:url\" content=\"https:\/\/www.opi-plastics.nl\/de\/uber-uns\/\" \/>\n<meta property=\"og:site_name\" content=\"OPI Plastics\" \/>\n<meta property=\"article:modified_time\" content=\"2024-02-01T14:16:03+00:00\" \/>\n<meta name=\"twitter:card\" content=\"summary_large_image\" \/>\n<meta name=\"twitter:label1\" content=\"Gesch\u00e4tzte Lesezeit\" \/>\n\t<meta name=\"twitter:data1\" content=\"1\u00a0Minute\" \/>\n<script type=\"application\/ld+json\" class=\"yoast-schema-graph\">{\"@context\":\"https:\/\/schema.org\",\"@graph\":[{\"@type\":\"WebPage\",\"@id\":\"https:\/\/www.opi-plastics.nl\/de\/uber-uns\/\",\"url\":\"https:\/\/www.opi-plastics.nl\/de\/uber-uns\/\",\"name\":\"\u00dcber uns - OPI Plastics\",\"isPartOf\":{\"@id\":\"https:\/\/www.opi-plastics.nl\/de\/#website\"},\"datePublished\":\"2022-09-22T10:14:29+00:00\",\"dateModified\":\"2024-02-01T14:16:03+00:00\",\"description\":\"OPI Plastics ist der Hersteller von PE-Verpackungen und -Folien. Lesen Sie hier mehr \u00fcber uns und erfahren Sie, was unsere Spezialit\u00e4ten sind.\",\"breadcrumb\":{\"@id\":\"https:\/\/www.opi-plastics.nl\/de\/uber-uns\/#breadcrumb\"},\"inLanguage\":\"de\",\"potentialAction\":[{\"@type\":\"ReadAction\",\"target\":[\"https:\/\/www.opi-plastics.nl\/de\/uber-uns\/\"]}]},{\"@type\":\"BreadcrumbList\",\"@id\":\"https:\/\/www.opi-plastics.nl\/de\/uber-uns\/#breadcrumb\",\"itemListElement\":[{\"@type\":\"ListItem\",\"position\":1,\"name\":\"Home\",\"item\":\"https:\/\/www.opi-plastics.nl\/de\/\"},{\"@type\":\"ListItem\",\"position\":2,\"name\":\"\u00dcber uns\"}]},{\"@type\":\"WebSite\",\"@id\":\"https:\/\/www.opi-plastics.nl\/de\/#website\",\"url\":\"https:\/\/www.opi-plastics.nl\/de\/\",\"name\":\"OPI Plastics\",\"description\":\"The sustainable innovator\",\"potentialAction\":[{\"@type\":\"SearchAction\",\"target\":{\"@type\":\"EntryPoint\",\"urlTemplate\":\"https:\/\/www.opi-plastics.nl\/de\/?suchanfrage={search_term_string}\"},\"query-input\":{\"@type\":\"PropertyValueSpecification\",\"valueRequired\":true,\"valueName\":\"search_term_string\"}}],\"inLanguage\":\"de\"}]}<\/script>","yoast_head_json":{"title":"\u00dcber uns - OPI Plastics","description":"OPI Plastics ist der Hersteller von PE-Verpackungen und -Folien. Lesen Sie hier mehr \u00fcber uns und erfahren Sie, was unsere Spezialit\u00e4ten sind.","robots":{"index":"index","follow":"follow","max-snippet":"max-snippet:-1","max-image-preview":"max-image-preview:large","max-video-preview":"max-video-preview:-1"},"canonical":"https:\/\/www.opi-plastics.nl\/de\/uber-uns\/","og_locale":"de_DE","og_type":"article","og_title":"\u00dcber uns - OPI Plastics","og_description":"OPI Plastics ist der Hersteller von PE-Verpackungen und -Folien. Lesen Sie hier mehr \u00fcber uns und erfahren Sie, was unsere Spezialit\u00e4ten sind.","og_url":"https:\/\/www.opi-plastics.nl\/de\/uber-uns\/","og_site_name":"OPI Plastics","article_modified_time":"2024-02-01T14:16:03+00:00","twitter_card":"summary_large_image","twitter_misc":{"Gesch\u00e4tzte Lesezeit":"1\u00a0Minute"},"schema":{"@context":"https:\/\/schema.org","@graph":[{"@type":"WebPage","@id":"https:\/\/www.opi-plastics.nl\/de\/uber-uns\/","url":"https:\/\/www.opi-plastics.nl\/de\/uber-uns\/","name":"\u00dcber uns - OPI Plastics","isPartOf":{"@id":"https:\/\/www.opi-plastics.nl\/de\/#website"},"datePublished":"2022-09-22T10:14:29+00:00","dateModified":"2024-02-01T14:16:03+00:00","description":"OPI Plastics ist der Hersteller von PE-Verpackungen und -Folien. Lesen Sie hier mehr \u00fcber uns und erfahren Sie, was unsere Spezialit\u00e4ten sind.","breadcrumb":{"@id":"https:\/\/www.opi-plastics.nl\/de\/uber-uns\/#breadcrumb"},"inLanguage":"de","potentialAction":[{"@type":"ReadAction","target":["https:\/\/www.opi-plastics.nl\/de\/uber-uns\/"]}]},{"@type":"BreadcrumbList","@id":"https:\/\/www.opi-plastics.nl\/de\/uber-uns\/#breadcrumb","itemListElement":[{"@type":"ListItem","position":1,"name":"Home","item":"https:\/\/www.opi-plastics.nl\/de\/"},{"@type":"ListItem","position":2,"name":"\u00dcber uns"}]},{"@type":"WebSite","@id":"https:\/\/www.opi-plastics.nl\/de\/#website","url":"https:\/\/www.opi-plastics.nl\/de\/","name":"OPI Plastics","description":"The sustainable innovator","potentialAction":[{"@type":"SearchAction","target":{"@type":"EntryPoint","urlTemplate":"https:\/\/www.opi-plastics.nl\/de\/?suchanfrage={search_term_string}"},"query-input":{"@type":"PropertyValueSpecification","valueRequired":true,"valueName":"search_term_string"}}],"inLanguage":"de"}]}},"_links":{"self":[{"href":"https:\/\/www.opi-plastics.nl\/de\/wp-json\/wp\/v2\/pages\/490","targetHints":{"allow":["GET"]}}],"collection":[{"href":"https:\/\/www.opi-plastics.nl\/de\/wp-json\/wp\/v2\/pages"}],"about":[{"href":"https:\/\/www.opi-plastics.nl\/de\/wp-json\/wp\/v2\/types\/page"}],"author":[{"embeddable":true,"href":"https:\/\/www.opi-plastics.nl\/de\/wp-json\/wp\/v2\/users\/1"}],"replies":[{"embeddable":true,"href":"https:\/\/www.opi-plastics.nl\/de\/wp-json\/wp\/v2\/comments?post=490"}],"version-history":[{"count":22,"href":"https:\/\/www.opi-plastics.nl\/de\/wp-json\/wp\/v2\/pages\/490\/revisions"}],"predecessor-version":[{"id":1523,"href":"https:\/\/www.opi-plastics.nl\/de\/wp-json\/wp\/v2\/pages\/490\/revisions\/1523"}],"wp:attachment":[{"href":"https:\/\/www.opi-plastics.nl\/de\/wp-json\/wp\/v2\/media?parent=490"}],"curies":[{"name":"wp","href":"https:\/\/api.w.org\/{rel}","templated":true}]}}