{"id":2092,"date":"2024-11-27T14:40:45","date_gmt":"2024-11-27T13:40:45","guid":{"rendered":"https:\/\/www.opi-plastics.nl\/de\/?page_id=2092"},"modified":"2024-11-27T14:40:46","modified_gmt":"2024-11-27T13:40:46","slug":"bqa-qa-cer","status":"publish","type":"page","link":"https:\/\/www.opi-plastics.nl\/de\/bqa-qa-cer\/","title":{"rendered":"BQA QA-CER"},"content":{"rendered":"\n<div class=\"hh-block block-row\"data-mb=\"regular\">\n    <div class=\"block-row__row row block-row__row--preset-1\/3|1\/3|1\/3 block-row__row--align-stretch\">\n                \n\n<div class=\"hh-block block-column col col--1 col--lg-1\/3\">\n    \n<p class=\"hh-block block-paragraph block-paragraph--id-69e15497518d3\"data-mb=\"small\">BQA QA-CER Recycled Content garantiert das Qualit\u00e4tssystem in Bezug auf den Recyclingprozess und die Verwendung von Rezyklaten, sowohl in Bezug auf den Rezyklatgehalt als auch auf die Qualit\u00e4t des Endprodukts, um das Prinzip der Nachhaltigkeit zu unterst\u00fctzen. Mit diesem Zertifikat kann der prozentuale Anteil des recycelten Inhalts f\u00fcr jedes Produkt nachgewiesen werden.<\/p>\n<\/div>\n\n\n<div class=\"hh-block block-column col col--1 col--lg-1\/3\">\n    \n\n    <div class=\"hh-block block-image\"\n         data-mt=\"small\"         data-mb=\"small\"         data-horizontal-align=\"centered\"\n         data-vertical-align=\"centered\"\n         data-mobile-align=\"centered\">\n\n         \n        <figure class=\"block-image__inner\" style=\"max-width: 260px\">\n\n            \n            \n            <div class=\"block-image__image-container\">\n\n            \n                <picture class=\"block-image__picture\" draggable=\"false\">\n  <source media=\"(min-width: 414px)\" srcset=\"https:\/\/www.opi-plastics.nl\/de\/wp-content\/uploads\/2024\/10\/QA-CER-logo-260x205.png\" width=\"260\" height=\"205\" \/>\n  <source media=\"(min-width: 0px)\" srcset=\"https:\/\/www.opi-plastics.nl\/de\/wp-content\/uploads\/2024\/10\/QA-CER-logo-260x205.png 1x, https:\/\/www.opi-plastics.nl\/de\/wp-content\/uploads\/2024\/10\/QA-CER-logo-260x205.png 2x\" width=\"260\" height=\"205\" \/>\n  <img class=\"block-image__image\" draggable=\"false\" decoding=\"async\" loading=\"lazy\" src=\"https:\/\/www.opi-plastics.nl\/de\/wp-content\/uploads\/2024\/10\/QA-CER-logo-260x205.png\" alt=\"\" width=\"260\" height=\"205\" \/>\n<\/picture>\n                                    <div\n                        class=\"block-image__holder block-image__holder--transparent block-image__holder--desktop\"\n                        style=\"aspect-ratio: 260\/205; max-width: 260px\">\n                    <\/div>\n                \n                                    <div\n                        class=\"block-image__holder block-image__holder--transparent block-image__holder--mobile\"\n                        style=\"aspect-ratio: 260\/205; max-width: 260px\">\n                    <\/div>\n                \n                                \n            <\/div>\n\n                        \n\n            \n            \n            \n            \n        <\/figure>\n\n        \n    <\/div>\n\n\n<\/div>\n\n\n<div class=\"hh-block block-column col col--1 col--lg-1\/3\">\n    \n\n    <div class=\"hh-block block-image\"\n         data-mt=\"none\"         data-mb=\"small\"         data-horizontal-align=\"left\"\n         data-vertical-align=\"centered\"\n         data-mobile-align=\"centered\">\n\n         \n        <figure class=\"block-image__inner\" style=\"max-width: 238px\">\n\n            \n            \n            <div class=\"block-image__image-container\">\n\n            \n                <picture class=\"block-image__picture\" draggable=\"false\">\n  <source media=\"(min-width: 414px)\" srcset=\"https:\/\/www.opi-plastics.nl\/de\/wp-content\/uploads\/2024\/11\/DSC00049-scaled-e1730724440150-297x250.jpg\" width=\"238\" height=\"200\" \/>\n  <source media=\"(min-width: 0px)\" srcset=\"https:\/\/www.opi-plastics.nl\/de\/wp-content\/uploads\/2024\/11\/DSC00049-scaled-e1730724440150-297x250.jpg 1x, https:\/\/www.opi-plastics.nl\/de\/wp-content\/uploads\/2024\/11\/DSC00049-scaled-e1730724440150-297x250.jpg 2x\" width=\"238\" height=\"200\" \/>\n  <img class=\"block-image__image\" draggable=\"false\" decoding=\"async\" loading=\"lazy\" src=\"https:\/\/www.opi-plastics.nl\/de\/wp-content\/uploads\/2024\/11\/DSC00049-scaled-e1730724440150-297x250.jpg\" alt=\"\" width=\"238\" height=\"200\" \/>\n<\/picture>\n                                    <div\n                        class=\"block-image__holder block-image__holder--desktop\"\n                        style=\"aspect-ratio: 238\/200; max-width: 238px\">\n                    <\/div>\n                \n                                    <div\n                        class=\"block-image__holder block-image__holder--mobile\"\n                        style=\"aspect-ratio: 238\/200; max-width: 238px\">\n                    <\/div>\n                \n                                \n            <\/div>\n\n                        \n\n            \n            \n            \n            \n        <\/figure>\n\n        \n    <\/div>\n\n\n<\/div>\n            <\/div>\n<\/div>\n\n\n<p class=\"hh-block block-paragraph block-paragraph--id-69e1549756bbc\"data-mb=\"small\"><a href=\"https:\/\/www.opackgroup.com\/wp-content\/uploads\/2024\/01\/QA-Cer-certificate-BQA_QA-CER_C_2020938.pdf\" target=\"_blank\" rel=\"noreferrer noopener\">QA-cer Stufe &#8211; Zertifikat<\/a><br><\/p>","protected":false},"excerpt":{"rendered":"","protected":false},"author":2,"featured_media":0,"parent":0,"menu_order":6,"comment_status":"closed","ping_status":"closed","template":"","meta":{"_acf_changed":false,"footnotes":""},"class_list":["post-2092","page","type-page","status-publish","hentry"],"acf":[],"yoast_head":"<title>BQA QA-CER - OPI Plastics<\/title>\n<meta name=\"robots\" content=\"index, follow, max-snippet:-1, max-image-preview:large, max-video-preview:-1\" \/>\n<link rel=\"canonical\" href=\"https:\/\/www.opi-plastics.nl\/de\/bqa-qa-cer\/\" \/>\n<meta property=\"og:locale\" content=\"de_DE\" \/>\n<meta property=\"og:type\" content=\"article\" \/>\n<meta property=\"og:title\" content=\"BQA QA-CER - OPI Plastics\" \/>\n<meta property=\"og:url\" content=\"https:\/\/www.opi-plastics.nl\/de\/bqa-qa-cer\/\" \/>\n<meta property=\"og:site_name\" content=\"OPI Plastics\" \/>\n<meta property=\"article:modified_time\" content=\"2024-11-27T13:40:46+00:00\" \/>\n<meta name=\"twitter:card\" content=\"summary_large_image\" \/>\n<meta name=\"twitter:label1\" content=\"Gesch\u00e4tzte Lesezeit\" \/>\n\t<meta name=\"twitter:data1\" content=\"1\u00a0Minute\" \/>\n<script type=\"application\/ld+json\" class=\"yoast-schema-graph\">{\"@context\":\"https:\/\/schema.org\",\"@graph\":[{\"@type\":\"WebPage\",\"@id\":\"https:\/\/www.opi-plastics.nl\/de\/bqa-qa-cer\/\",\"url\":\"https:\/\/www.opi-plastics.nl\/de\/bqa-qa-cer\/\",\"name\":\"BQA QA-CER - OPI Plastics\",\"isPartOf\":{\"@id\":\"https:\/\/www.opi-plastics.nl\/de\/#website\"},\"datePublished\":\"2024-11-27T13:40:45+00:00\",\"dateModified\":\"2024-11-27T13:40:46+00:00\",\"breadcrumb\":{\"@id\":\"https:\/\/www.opi-plastics.nl\/de\/bqa-qa-cer\/#breadcrumb\"},\"inLanguage\":\"de\",\"potentialAction\":[{\"@type\":\"ReadAction\",\"target\":[\"https:\/\/www.opi-plastics.nl\/de\/bqa-qa-cer\/\"]}]},{\"@type\":\"BreadcrumbList\",\"@id\":\"https:\/\/www.opi-plastics.nl\/de\/bqa-qa-cer\/#breadcrumb\",\"itemListElement\":[{\"@type\":\"ListItem\",\"position\":1,\"name\":\"Home\",\"item\":\"https:\/\/www.opi-plastics.nl\/de\/\"},{\"@type\":\"ListItem\",\"position\":2,\"name\":\"BQA QA-CER\"}]},{\"@type\":\"WebSite\",\"@id\":\"https:\/\/www.opi-plastics.nl\/de\/#website\",\"url\":\"https:\/\/www.opi-plastics.nl\/de\/\",\"name\":\"OPI Plastics\",\"description\":\"The sustainable innovator\",\"potentialAction\":[{\"@type\":\"SearchAction\",\"target\":{\"@type\":\"EntryPoint\",\"urlTemplate\":\"https:\/\/www.opi-plastics.nl\/de\/?suchanfrage={search_term_string}\"},\"query-input\":{\"@type\":\"PropertyValueSpecification\",\"valueRequired\":true,\"valueName\":\"search_term_string\"}}],\"inLanguage\":\"de\"}]}<\/script>","yoast_head_json":{"title":"BQA QA-CER - OPI Plastics","robots":{"index":"index","follow":"follow","max-snippet":"max-snippet:-1","max-image-preview":"max-image-preview:large","max-video-preview":"max-video-preview:-1"},"canonical":"https:\/\/www.opi-plastics.nl\/de\/bqa-qa-cer\/","og_locale":"de_DE","og_type":"article","og_title":"BQA QA-CER - OPI Plastics","og_url":"https:\/\/www.opi-plastics.nl\/de\/bqa-qa-cer\/","og_site_name":"OPI Plastics","article_modified_time":"2024-11-27T13:40:46+00:00","twitter_card":"summary_large_image","twitter_misc":{"Gesch\u00e4tzte Lesezeit":"1\u00a0Minute"},"schema":{"@context":"https:\/\/schema.org","@graph":[{"@type":"WebPage","@id":"https:\/\/www.opi-plastics.nl\/de\/bqa-qa-cer\/","url":"https:\/\/www.opi-plastics.nl\/de\/bqa-qa-cer\/","name":"BQA QA-CER - OPI Plastics","isPartOf":{"@id":"https:\/\/www.opi-plastics.nl\/de\/#website"},"datePublished":"2024-11-27T13:40:45+00:00","dateModified":"2024-11-27T13:40:46+00:00","breadcrumb":{"@id":"https:\/\/www.opi-plastics.nl\/de\/bqa-qa-cer\/#breadcrumb"},"inLanguage":"de","potentialAction":[{"@type":"ReadAction","target":["https:\/\/www.opi-plastics.nl\/de\/bqa-qa-cer\/"]}]},{"@type":"BreadcrumbList","@id":"https:\/\/www.opi-plastics.nl\/de\/bqa-qa-cer\/#breadcrumb","itemListElement":[{"@type":"ListItem","position":1,"name":"Home","item":"https:\/\/www.opi-plastics.nl\/de\/"},{"@type":"ListItem","position":2,"name":"BQA QA-CER"}]},{"@type":"WebSite","@id":"https:\/\/www.opi-plastics.nl\/de\/#website","url":"https:\/\/www.opi-plastics.nl\/de\/","name":"OPI Plastics","description":"The sustainable innovator","potentialAction":[{"@type":"SearchAction","target":{"@type":"EntryPoint","urlTemplate":"https:\/\/www.opi-plastics.nl\/de\/?suchanfrage={search_term_string}"},"query-input":{"@type":"PropertyValueSpecification","valueRequired":true,"valueName":"search_term_string"}}],"inLanguage":"de"}]}},"_links":{"self":[{"href":"https:\/\/www.opi-plastics.nl\/de\/wp-json\/wp\/v2\/pages\/2092","targetHints":{"allow":["GET"]}}],"collection":[{"href":"https:\/\/www.opi-plastics.nl\/de\/wp-json\/wp\/v2\/pages"}],"about":[{"href":"https:\/\/www.opi-plastics.nl\/de\/wp-json\/wp\/v2\/types\/page"}],"author":[{"embeddable":true,"href":"https:\/\/www.opi-plastics.nl\/de\/wp-json\/wp\/v2\/users\/2"}],"replies":[{"embeddable":true,"href":"https:\/\/www.opi-plastics.nl\/de\/wp-json\/wp\/v2\/comments?post=2092"}],"version-history":[{"count":1,"href":"https:\/\/www.opi-plastics.nl\/de\/wp-json\/wp\/v2\/pages\/2092\/revisions"}],"predecessor-version":[{"id":2093,"href":"https:\/\/www.opi-plastics.nl\/de\/wp-json\/wp\/v2\/pages\/2092\/revisions\/2093"}],"wp:attachment":[{"href":"https:\/\/www.opi-plastics.nl\/de\/wp-json\/wp\/v2\/media?parent=2092"}],"curies":[{"name":"wp","href":"https:\/\/api.w.org\/{rel}","templated":true}]}}