{"id":2083,"date":"2024-11-27T14:49:49","date_gmt":"2024-11-27T13:49:49","guid":{"rendered":"https:\/\/www.opi-plastics.nl\/de\/?page_id=2083"},"modified":"2024-11-27T14:50:38","modified_gmt":"2024-11-27T13:50:38","slug":"qualitaetsstandards-1","status":"publish","type":"page","link":"https:\/\/www.opi-plastics.nl\/de\/qualitaetsstandards-1\/","title":{"rendered":"Qualit\u00e4tsstandards"},"content":{"rendered":"<p class=\"hh-block block-paragraph block-paragraph--id-69d2998fc19ca\"data-mb=\"small\">Oosterwolde Plastic Industry verf\u00fcgt \u00fcber eine breite Palette von Zertifizierungen, die sein Engagement f\u00fcr Qualit\u00e4t, Nachhaltigkeit und Sicherheit best\u00e4tigen. Diese stellen sicher, dass alle Produkte und Prozesse den internationalen Normen entsprechen.<br>Im Folgenden k\u00f6nnen Sie mehr \u00fcber die Zertifizierungen von Oosterwolde Plastic Industry lesen.<\/p>\n\n\n\n\n    <section class=\"hh-block block-square-image-slider\"\n             data-mt=\"none\"             data-mb=\"large\">\n\n        <div class=\"block-square-image-slider__slider-container swiper-container\">\n            <div class=\"block-square-image-slider__wrapper swiper-wrapper\">\n                                    <div class=\"block-square-image-slider__slide swiper-slide\">\n                        \n<article class=\"snippet-square-image snippet-square-image--has-link snippet-square-image--has-image\">\n\n    <a class=\"snippet-square-image__link\" target=\"_blank\" draggable=\"false\" href=\"https:\/\/www.opi-plastics.nl\/de\/bqa-qa-cer\/\">\n    <div class=\"snippet-square-image__overlay\">\n        <span class=\"snippet-square-image__overlay-text\">\n            bqa qa-cer        <\/span>\n        <svg class=\"snippet-square-image__overlay-icon\">\n            <use xlink:href=\"https:\/\/www.opi-plastics.nl\/de\/wp-content\/themes\/happyhorizon\/dist\/happyhorizon-icons-a48c7885c34f533ae7d82ab6f4d7de38.svg#arrow-btn\"\/>\n        <\/svg>\n    <\/div>\n\n    <figure class=\"snippet-square-image__image-container\">\n\n                    <img decoding=\"async\" loading=\"lazy\"\n                 class=\"snippet-square-image__image\"\n                 draggable=\"false\"\n                 srcset=\"https:\/\/www.opi-plastics.nl\/de\/wp-content\/uploads\/2024\/11\/BQA-QA-CER-2-320x320.jpg 1x, https:\/\/www.opi-plastics.nl\/de\/wp-content\/uploads\/2024\/11\/BQA-QA-CER-2.jpg 2x\"\n                 src=\"https:\/\/www.opi-plastics.nl\/de\/wp-content\/uploads\/2024\/11\/BQA-QA-CER-2-320x320.jpg\"\n                 alt=\"\"\n                 width=\"320px\"                 height=\"320px\"\/>\n        \n    <\/figure>\n\n    <\/a>\n<\/article>                    <\/div>\n                                    <div class=\"block-square-image-slider__slide swiper-slide\">\n                        \n<article class=\"snippet-square-image snippet-square-image--has-link snippet-square-image--has-image\">\n\n    <a class=\"snippet-square-image__link\" target=\"_blank\" draggable=\"false\" href=\"https:\/\/www.opi-plastics.nl\/de\/brcgs-verpackungsmaterialien\/\">\n    <div class=\"snippet-square-image__overlay\">\n        <span class=\"snippet-square-image__overlay-text\">\n            brcgs        <\/span>\n        <svg class=\"snippet-square-image__overlay-icon\">\n            <use xlink:href=\"https:\/\/www.opi-plastics.nl\/de\/wp-content\/themes\/happyhorizon\/dist\/happyhorizon-icons-a48c7885c34f533ae7d82ab6f4d7de38.svg#arrow-btn\"\/>\n        <\/svg>\n    <\/div>\n\n    <figure class=\"snippet-square-image__image-container\">\n\n                    <img decoding=\"async\" loading=\"lazy\"\n                 class=\"snippet-square-image__image\"\n                 draggable=\"false\"\n                 srcset=\"https:\/\/www.opi-plastics.nl\/de\/wp-content\/uploads\/2024\/11\/BRCGS-3-320x320.jpg 1x, https:\/\/www.opi-plastics.nl\/de\/wp-content\/uploads\/2024\/11\/BRCGS-3.jpg 2x\"\n                 src=\"https:\/\/www.opi-plastics.nl\/de\/wp-content\/uploads\/2024\/11\/BRCGS-3-320x320.jpg\"\n                 alt=\"\"\n                 width=\"320px\"                 height=\"320px\"\/>\n        \n    <\/figure>\n\n    <\/a>\n<\/article>                    <\/div>\n                                    <div class=\"block-square-image-slider__slide swiper-slide\">\n                        \n<article class=\"snippet-square-image snippet-square-image--has-link snippet-square-image--has-image\">\n\n    <a class=\"snippet-square-image__link\" target=\"_blank\" draggable=\"false\" href=\"https:\/\/www.opi-plastics.nl\/de\/ecovadis\/\">\n    <div class=\"snippet-square-image__overlay\">\n        <span class=\"snippet-square-image__overlay-text\">\n            ecovadis        <\/span>\n        <svg class=\"snippet-square-image__overlay-icon\">\n            <use xlink:href=\"https:\/\/www.opi-plastics.nl\/de\/wp-content\/themes\/happyhorizon\/dist\/happyhorizon-icons-a48c7885c34f533ae7d82ab6f4d7de38.svg#arrow-btn\"\/>\n        <\/svg>\n    <\/div>\n\n    <figure class=\"snippet-square-image__image-container\">\n\n                    <img decoding=\"async\" loading=\"lazy\"\n                 class=\"snippet-square-image__image\"\n                 draggable=\"false\"\n                 srcset=\"https:\/\/www.opi-plastics.nl\/de\/wp-content\/uploads\/2024\/11\/Ecovadis-3-320x320.jpg 1x, https:\/\/www.opi-plastics.nl\/de\/wp-content\/uploads\/2024\/11\/Ecovadis-3.jpg 2x\"\n                 src=\"https:\/\/www.opi-plastics.nl\/de\/wp-content\/uploads\/2024\/11\/Ecovadis-3-320x320.jpg\"\n                 alt=\"\"\n                 width=\"320px\"                 height=\"320px\"\/>\n        \n    <\/figure>\n\n    <\/a>\n<\/article>                    <\/div>\n                                    <div class=\"block-square-image-slider__slide swiper-slide\">\n                        \n<article class=\"snippet-square-image snippet-square-image--has-link snippet-square-image--has-image\">\n\n    <a class=\"snippet-square-image__link\" target=\"_blank\" draggable=\"false\" href=\"https:\/\/www.opi-plastics.nl\/de\/iso14001\/\">\n    <div class=\"snippet-square-image__overlay\">\n        <span class=\"snippet-square-image__overlay-text\">\n            iso14001        <\/span>\n        <svg class=\"snippet-square-image__overlay-icon\">\n            <use xlink:href=\"https:\/\/www.opi-plastics.nl\/de\/wp-content\/themes\/happyhorizon\/dist\/happyhorizon-icons-a48c7885c34f533ae7d82ab6f4d7de38.svg#arrow-btn\"\/>\n        <\/svg>\n    <\/div>\n\n    <figure class=\"snippet-square-image__image-container\">\n\n                    <img decoding=\"async\" loading=\"lazy\"\n                 class=\"snippet-square-image__image\"\n                 draggable=\"false\"\n                 srcset=\"https:\/\/www.opi-plastics.nl\/de\/wp-content\/uploads\/2024\/11\/ISO14001-4-320x320.jpg 1x, https:\/\/www.opi-plastics.nl\/de\/wp-content\/uploads\/2024\/11\/ISO14001-4.jpg 2x\"\n                 src=\"https:\/\/www.opi-plastics.nl\/de\/wp-content\/uploads\/2024\/11\/ISO14001-4-320x320.jpg\"\n                 alt=\"\"\n                 width=\"320px\"                 height=\"320px\"\/>\n        \n    <\/figure>\n\n    <\/a>\n<\/article>                    <\/div>\n                            <\/div>\n        <\/div>\n\n        <div class=\"block-square-image-slider__slider-pagination swiper-pagination\"><\/div>\n\n        <span class=\"block-square-image-slider__slider-button block-square-image-slider__slider-button--prev\">\n            <svg class=\"block-square-image-slider__slider-button-icon\">\n                <use xlink:href='https:\/\/www.opi-plastics.nl\/de\/wp-content\/themes\/happyhorizon\/dist\/happyhorizon-icons-a48c7885c34f533ae7d82ab6f4d7de38.svg#icon-arrow-left'\/>\n            <\/svg>\n        <\/span>\n\n        <span class=\"block-square-image-slider__slider-button block-square-image-slider__slider-button--next\">\n            <svg class=\"block-square-image-slider__slider-button-icon\">\n                <use xlink:href='https:\/\/www.opi-plastics.nl\/de\/wp-content\/themes\/happyhorizon\/dist\/happyhorizon-icons-a48c7885c34f533ae7d82ab6f4d7de38.svg#icon-arrow-right'\/>\n            <\/svg>\n        <\/span>\n\n    <\/section>\n\n\n\n\n\n\n    <section class=\"hh-block block-square-image-slider\"\n             data-mt=\"none\"             data-mb=\"large\">\n\n        <div class=\"block-square-image-slider__slider-container swiper-container\">\n            <div class=\"block-square-image-slider__wrapper swiper-wrapper\">\n                                    <div class=\"block-square-image-slider__slide swiper-slide\">\n                        \n<article class=\"snippet-square-image snippet-square-image--has-link snippet-square-image--has-image\">\n\n    <a class=\"snippet-square-image__link\" target=\"_blank\" draggable=\"false\" href=\"https:\/\/www.opi-plastics.nl\/de\/iso26000\/\">\n    <div class=\"snippet-square-image__overlay\">\n        <span class=\"snippet-square-image__overlay-text\">\n            iso26000        <\/span>\n        <svg class=\"snippet-square-image__overlay-icon\">\n            <use xlink:href=\"https:\/\/www.opi-plastics.nl\/de\/wp-content\/themes\/happyhorizon\/dist\/happyhorizon-icons-a48c7885c34f533ae7d82ab6f4d7de38.svg#arrow-btn\"\/>\n        <\/svg>\n    <\/div>\n\n    <figure class=\"snippet-square-image__image-container\">\n\n                    <img decoding=\"async\" loading=\"lazy\"\n                 class=\"snippet-square-image__image\"\n                 draggable=\"false\"\n                 srcset=\"https:\/\/www.opi-plastics.nl\/de\/wp-content\/uploads\/2024\/11\/ISO26000-3-320x320.jpg 1x, https:\/\/www.opi-plastics.nl\/de\/wp-content\/uploads\/2024\/11\/ISO26000-3.jpg 2x\"\n                 src=\"https:\/\/www.opi-plastics.nl\/de\/wp-content\/uploads\/2024\/11\/ISO26000-3-320x320.jpg\"\n                 alt=\"\"\n                 width=\"320px\"                 height=\"320px\"\/>\n        \n    <\/figure>\n\n    <\/a>\n<\/article>                    <\/div>\n                                    <div class=\"block-square-image-slider__slide swiper-slide\">\n                        \n<article class=\"snippet-square-image snippet-square-image--has-link snippet-square-image--has-image\">\n\n    <a class=\"snippet-square-image__link\" target=\"_blank\" draggable=\"false\" href=\"https:\/\/www.opi-plastics.nl\/de\/koscher\/\">\n    <div class=\"snippet-square-image__overlay\">\n        <span class=\"snippet-square-image__overlay-text\">\n            koscher        <\/span>\n        <svg class=\"snippet-square-image__overlay-icon\">\n            <use xlink:href=\"https:\/\/www.opi-plastics.nl\/de\/wp-content\/themes\/happyhorizon\/dist\/happyhorizon-icons-a48c7885c34f533ae7d82ab6f4d7de38.svg#arrow-btn\"\/>\n        <\/svg>\n    <\/div>\n\n    <figure class=\"snippet-square-image__image-container\">\n\n                    <img decoding=\"async\" loading=\"lazy\"\n                 class=\"snippet-square-image__image\"\n                 draggable=\"false\"\n                 srcset=\"https:\/\/www.opi-plastics.nl\/de\/wp-content\/uploads\/2024\/11\/Koscher-3-320x320.jpg 1x, https:\/\/www.opi-plastics.nl\/de\/wp-content\/uploads\/2024\/11\/Koscher-3.jpg 2x\"\n                 src=\"https:\/\/www.opi-plastics.nl\/de\/wp-content\/uploads\/2024\/11\/Koscher-3-320x320.jpg\"\n                 alt=\"\"\n                 width=\"320px\"                 height=\"320px\"\/>\n        \n    <\/figure>\n\n    <\/a>\n<\/article>                    <\/div>\n                            <\/div>\n        <\/div>\n\n        <div class=\"block-square-image-slider__slider-pagination swiper-pagination\"><\/div>\n\n        <span class=\"block-square-image-slider__slider-button block-square-image-slider__slider-button--prev\">\n            <svg class=\"block-square-image-slider__slider-button-icon\">\n                <use xlink:href='https:\/\/www.opi-plastics.nl\/de\/wp-content\/themes\/happyhorizon\/dist\/happyhorizon-icons-a48c7885c34f533ae7d82ab6f4d7de38.svg#icon-arrow-left'\/>\n            <\/svg>\n        <\/span>\n\n        <span class=\"block-square-image-slider__slider-button block-square-image-slider__slider-button--next\">\n            <svg class=\"block-square-image-slider__slider-button-icon\">\n                <use xlink:href='https:\/\/www.opi-plastics.nl\/de\/wp-content\/themes\/happyhorizon\/dist\/happyhorizon-icons-a48c7885c34f533ae7d82ab6f4d7de38.svg#icon-arrow-right'\/>\n            <\/svg>\n        <\/span>\n\n    <\/section>\n\n\n\n<p class=\"hh-block block-paragraph block-paragraph--id-69d2998fd1ff7\"data-mb=\"small\">Alle Unternehmen der OPACKGROUP sind Mitglieder von EFTA-Benelux. Dies ist ein Fachverband von Unternehmen, die sich auf das Flexodruckverfahren spezialisiert haben.<\/p>","protected":false},"excerpt":{"rendered":"","protected":false},"author":2,"featured_media":0,"parent":0,"menu_order":20,"comment_status":"closed","ping_status":"closed","template":"","meta":{"_acf_changed":false,"footnotes":""},"class_list":["post-2083","page","type-page","status-publish","hentry"],"acf":[],"yoast_head":"<title>Qualit\u00e4tsstandards - OPI Plastics<\/title>\n<meta name=\"description\" content=\"Qualit\u00e4t ist unser oberstes Gebot. Entdecken Sie hier die wichtigsten Qualit\u00e4tsstandards und finden Sie das Zertifikat von z.B. Ecovadis und Kosher.\" \/>\n<meta name=\"robots\" content=\"index, follow, max-snippet:-1, max-image-preview:large, max-video-preview:-1\" \/>\n<link rel=\"canonical\" href=\"https:\/\/www.opi-plastics.nl\/de\/qualitaetsstandards-1\/\" \/>\n<meta property=\"og:locale\" content=\"de_DE\" \/>\n<meta property=\"og:type\" content=\"article\" \/>\n<meta property=\"og:title\" content=\"Qualit\u00e4tsstandards - OPI Plastics\" \/>\n<meta property=\"og:description\" content=\"Qualit\u00e4t ist unser oberstes Gebot. Entdecken Sie hier die wichtigsten Qualit\u00e4tsstandards und finden Sie das Zertifikat von z.B. Ecovadis und Kosher.\" \/>\n<meta property=\"og:url\" content=\"https:\/\/www.opi-plastics.nl\/de\/qualitaetsstandards-1\/\" \/>\n<meta property=\"og:site_name\" content=\"OPI Plastics\" \/>\n<meta property=\"article:modified_time\" content=\"2024-11-27T13:50:38+00:00\" \/>\n<meta name=\"twitter:card\" content=\"summary_large_image\" \/>\n<meta name=\"twitter:label1\" content=\"Gesch\u00e4tzte Lesezeit\" \/>\n\t<meta name=\"twitter:data1\" content=\"1\u00a0Minute\" \/>\n<script type=\"application\/ld+json\" class=\"yoast-schema-graph\">{\"@context\":\"https:\/\/schema.org\",\"@graph\":[{\"@type\":\"WebPage\",\"@id\":\"https:\/\/www.opi-plastics.nl\/de\/qualitaetsstandards-1\/\",\"url\":\"https:\/\/www.opi-plastics.nl\/de\/qualitaetsstandards-1\/\",\"name\":\"Qualit\u00e4tsstandards - OPI Plastics\",\"isPartOf\":{\"@id\":\"https:\/\/www.opi-plastics.nl\/de\/#website\"},\"datePublished\":\"2024-11-27T13:49:49+00:00\",\"dateModified\":\"2024-11-27T13:50:38+00:00\",\"description\":\"Qualit\u00e4t ist unser oberstes Gebot. Entdecken Sie hier die wichtigsten Qualit\u00e4tsstandards und finden Sie das Zertifikat von z.B. Ecovadis und Kosher.\",\"breadcrumb\":{\"@id\":\"https:\/\/www.opi-plastics.nl\/de\/qualitaetsstandards-1\/#breadcrumb\"},\"inLanguage\":\"de\",\"potentialAction\":[{\"@type\":\"ReadAction\",\"target\":[\"https:\/\/www.opi-plastics.nl\/de\/qualitaetsstandards-1\/\"]}]},{\"@type\":\"BreadcrumbList\",\"@id\":\"https:\/\/www.opi-plastics.nl\/de\/qualitaetsstandards-1\/#breadcrumb\",\"itemListElement\":[{\"@type\":\"ListItem\",\"position\":1,\"name\":\"Home\",\"item\":\"https:\/\/www.opi-plastics.nl\/de\/\"},{\"@type\":\"ListItem\",\"position\":2,\"name\":\"Qualit\u00e4tsstandards\"}]},{\"@type\":\"WebSite\",\"@id\":\"https:\/\/www.opi-plastics.nl\/de\/#website\",\"url\":\"https:\/\/www.opi-plastics.nl\/de\/\",\"name\":\"OPI Plastics\",\"description\":\"The sustainable innovator\",\"potentialAction\":[{\"@type\":\"SearchAction\",\"target\":{\"@type\":\"EntryPoint\",\"urlTemplate\":\"https:\/\/www.opi-plastics.nl\/de\/?suchanfrage={search_term_string}\"},\"query-input\":{\"@type\":\"PropertyValueSpecification\",\"valueRequired\":true,\"valueName\":\"search_term_string\"}}],\"inLanguage\":\"de\"}]}<\/script>","yoast_head_json":{"title":"Qualit\u00e4tsstandards - OPI Plastics","description":"Qualit\u00e4t ist unser oberstes Gebot. Entdecken Sie hier die wichtigsten Qualit\u00e4tsstandards und finden Sie das Zertifikat von z.B. Ecovadis und Kosher.","robots":{"index":"index","follow":"follow","max-snippet":"max-snippet:-1","max-image-preview":"max-image-preview:large","max-video-preview":"max-video-preview:-1"},"canonical":"https:\/\/www.opi-plastics.nl\/de\/qualitaetsstandards-1\/","og_locale":"de_DE","og_type":"article","og_title":"Qualit\u00e4tsstandards - OPI Plastics","og_description":"Qualit\u00e4t ist unser oberstes Gebot. Entdecken Sie hier die wichtigsten Qualit\u00e4tsstandards und finden Sie das Zertifikat von z.B. Ecovadis und Kosher.","og_url":"https:\/\/www.opi-plastics.nl\/de\/qualitaetsstandards-1\/","og_site_name":"OPI Plastics","article_modified_time":"2024-11-27T13:50:38+00:00","twitter_card":"summary_large_image","twitter_misc":{"Gesch\u00e4tzte Lesezeit":"1\u00a0Minute"},"schema":{"@context":"https:\/\/schema.org","@graph":[{"@type":"WebPage","@id":"https:\/\/www.opi-plastics.nl\/de\/qualitaetsstandards-1\/","url":"https:\/\/www.opi-plastics.nl\/de\/qualitaetsstandards-1\/","name":"Qualit\u00e4tsstandards - OPI Plastics","isPartOf":{"@id":"https:\/\/www.opi-plastics.nl\/de\/#website"},"datePublished":"2024-11-27T13:49:49+00:00","dateModified":"2024-11-27T13:50:38+00:00","description":"Qualit\u00e4t ist unser oberstes Gebot. Entdecken Sie hier die wichtigsten Qualit\u00e4tsstandards und finden Sie das Zertifikat von z.B. Ecovadis und Kosher.","breadcrumb":{"@id":"https:\/\/www.opi-plastics.nl\/de\/qualitaetsstandards-1\/#breadcrumb"},"inLanguage":"de","potentialAction":[{"@type":"ReadAction","target":["https:\/\/www.opi-plastics.nl\/de\/qualitaetsstandards-1\/"]}]},{"@type":"BreadcrumbList","@id":"https:\/\/www.opi-plastics.nl\/de\/qualitaetsstandards-1\/#breadcrumb","itemListElement":[{"@type":"ListItem","position":1,"name":"Home","item":"https:\/\/www.opi-plastics.nl\/de\/"},{"@type":"ListItem","position":2,"name":"Qualit\u00e4tsstandards"}]},{"@type":"WebSite","@id":"https:\/\/www.opi-plastics.nl\/de\/#website","url":"https:\/\/www.opi-plastics.nl\/de\/","name":"OPI Plastics","description":"The sustainable innovator","potentialAction":[{"@type":"SearchAction","target":{"@type":"EntryPoint","urlTemplate":"https:\/\/www.opi-plastics.nl\/de\/?suchanfrage={search_term_string}"},"query-input":{"@type":"PropertyValueSpecification","valueRequired":true,"valueName":"search_term_string"}}],"inLanguage":"de"}]}},"_links":{"self":[{"href":"https:\/\/www.opi-plastics.nl\/de\/wp-json\/wp\/v2\/pages\/2083","targetHints":{"allow":["GET"]}}],"collection":[{"href":"https:\/\/www.opi-plastics.nl\/de\/wp-json\/wp\/v2\/pages"}],"about":[{"href":"https:\/\/www.opi-plastics.nl\/de\/wp-json\/wp\/v2\/types\/page"}],"author":[{"embeddable":true,"href":"https:\/\/www.opi-plastics.nl\/de\/wp-json\/wp\/v2\/users\/2"}],"replies":[{"embeddable":true,"href":"https:\/\/www.opi-plastics.nl\/de\/wp-json\/wp\/v2\/comments?post=2083"}],"version-history":[{"count":6,"href":"https:\/\/www.opi-plastics.nl\/de\/wp-json\/wp\/v2\/pages\/2083\/revisions"}],"predecessor-version":[{"id":2108,"href":"https:\/\/www.opi-plastics.nl\/de\/wp-json\/wp\/v2\/pages\/2083\/revisions\/2108"}],"wp:attachment":[{"href":"https:\/\/www.opi-plastics.nl\/de\/wp-json\/wp\/v2\/media?parent=2083"}],"curies":[{"name":"wp","href":"https:\/\/api.w.org\/{rel}","templated":true}]}}